{"id":92822,"date":"2021-03-19T13:52:02","date_gmt":"2021-03-19T13:52:02","guid":{"rendered":"https:\/\/cernelic.hr\/katalog\/Bez%20kategorije\/stitz-2-by-wilkhahn-2\/"},"modified":"2023-12-08T02:36:33","modified_gmt":"2023-12-08T02:36:33","slug":"stitz-by-wilkhahn","status":"publish","type":"product","link":"https:\/\/cernelic.hr\/en\/proizvod\/stitz-by-wilkhahn\/","title":{"rendered":"STITZ 2 by Wilkhahn"},"content":{"rendered":"<p>\u201eStitz\u201c postolje za naslon izniman je komad namje\u0161taja koji ne slu\u017ei ni za sjedenje ni za stajanje, ve\u0107 za ne\u0161to izme\u0111u. Inteligencija iza \u201eStitza\u201c je u tome \u0161to omogu\u0107ava tijelu da se opusti ali istovremeno ne naru\u0161ava njegov ritam. Zato na \u201eStitzu\u201c ne sjedite, ve\u0107 se na njemu odmarate kao na nagibu. Rezultat je uspravna pozicija zdjelice, pobolj\u0161anje metabolizma, ja\u010di osje\u0107aj za ravnote\u017eu i mi\u0161i\u0107i koji su aktivni bez pretjeranog napora. Na okruglom sjedalu mo\u017ee se sjediti na bilo kojoj strani. Baza od elastomera ispunjena je kvarcnim pijeskom kako se \u201eStitz\u201c ne bi prevrnuo \u010dak ni kad se nagne. Slobodno pristupa\u010dan disk ispod sjedala omogu\u0107uje vam beskona\u010dno pode\u0161avanje visine potpore s integriranim plinskim liftom. Ali \u201eStitz\u201c se ne smatra samo simbolom vrhunskog dizajna. Istra\u017eivanje koje je proveo Centar za zdravlje na Njema\u010dkom sportskom sveu\u010dili\u0161tu u K\u00f6lnu potvr\u0111uje da redovita uporaba \u201eStitza\u201c ja\u010da koordinacijske vje\u0161tine Va\u0161eg tijela.<\/p>\n","protected":false},"excerpt":{"rendered":"<p>\u201eStitz\u201c postolje za naslon izniman je komad namje\u0161taja koji ne slu\u017ei ni za sjedenje ni za stajanje, ve\u0107 za ne\u0161to izme\u0111u. Inteligencija iza \u201eStitza\u201c je u tome \u0161to omogu\u0107ava tijelu da se opusti ali istovremeno ne naru\u0161ava njegov ritam. Zato na \u201eStitzu\u201c ne sjedite, ve\u0107 se na njemu odmarate kao na nagibu. Rezultat je uspravna [&hellip;]<\/p>\n","protected":false},"featured_media":92140,"template":"","meta":{"_acf_changed":false},"product_brand":[],"product_cat":[2514,2235,2165,2111,2105,2085,2061,2196,2068,2209,2208,2174,2095,2096,2092],"product_tag":[],"berocket_brand":[532],"class_list":{"0":"post-92822","1":"product","2":"type-product","3":"status-publish","4":"has-post-thumbnail","6":"product_cat-accessories","7":"product_cat-proizvodi-namjestaj-za-urede-accessories","8":"product_cat-proizvodi-namjestaj-za-urede-co-working-namjestaj","9":"product_cat-dvorane","10":"product_cat-javni","11":"product_cat-namjestaj-za-urede","12":"product_cat-proizvodi","13":"product_cat-proizvodi-accessories-accessories-za-unutarnje-prostore","14":"product_cat-prostori","15":"product_cat-prostori-dvorane-accessories","16":"product_cat-prostori-javni-accessories","17":"product_cat-prostori-uredi-co-working-namjestaj","18":"product_cat-prostori-uredi-namjestaj-za-neformalne-sastanke-i-druzenje","19":"product_cat-prostori-uredi-namjestaj-za-predprostore-i-cekaone","20":"product_cat-uredi","21":"berocket_brand-wilkhahn","23":"first","24":"instock","25":"product-type-grouped"},"acf":[],"_links":{"self":[{"href":"https:\/\/cernelic.hr\/en\/wp-json\/wp\/v2\/product\/92822","targetHints":{"allow":["GET"]}}],"collection":[{"href":"https:\/\/cernelic.hr\/en\/wp-json\/wp\/v2\/product"}],"about":[{"href":"https:\/\/cernelic.hr\/en\/wp-json\/wp\/v2\/types\/product"}],"wp:featuredmedia":[{"embeddable":true,"href":"https:\/\/cernelic.hr\/en\/wp-json\/wp\/v2\/media\/92140"}],"wp:attachment":[{"href":"https:\/\/cernelic.hr\/en\/wp-json\/wp\/v2\/media?parent=92822"}],"wp:term":[{"taxonomy":"product_brand","embeddable":true,"href":"https:\/\/cernelic.hr\/en\/wp-json\/wp\/v2\/product_brand?post=92822"},{"taxonomy":"product_cat","embeddable":true,"href":"https:\/\/cernelic.hr\/en\/wp-json\/wp\/v2\/product_cat?post=92822"},{"taxonomy":"product_tag","embeddable":true,"href":"https:\/\/cernelic.hr\/en\/wp-json\/wp\/v2\/product_tag?post=92822"},{"taxonomy":"berocket_brand","embeddable":true,"href":"https:\/\/cernelic.hr\/en\/wp-json\/wp\/v2\/berocket_brand?post=92822"}],"curies":[{"name":"wp","href":"https:\/\/api.w.org\/{rel}","templated":true}]}}