{"id":92883,"date":"2021-03-19T14:01:39","date_gmt":"2021-03-19T14:01:39","guid":{"rendered":"https:\/\/cernelic.hr\/katalog\/Bez%20kategorije\/arena-by-cernelic\/"},"modified":"2023-12-08T02:16:56","modified_gmt":"2023-12-08T02:16:56","slug":"arena-by-cernelic","status":"publish","type":"product","link":"https:\/\/cernelic.hr\/en\/proizvod\/arena-by-cernelic\/","title":{"rendered":"ARENA by \u010cerneli\u0107"},"content":{"rendered":"<p>Osim ljepote, \u010cerneli\u0107 \u201eArena\u201c ima kvalitete koje se otkrivaju s vremenom, poput udobnosti i robusnosti. \u201eArena\u201c je tako\u0111er vrlo opu\u0161taju\u0107a.<\/p>\n","protected":false},"excerpt":{"rendered":"<p>Osim ljepote, \u010cerneli\u0107 \u201eArena\u201c ima kvalitete koje se otkrivaju s vremenom, poput udobnosti i robusnosti. \u201eArena\u201c je tako\u0111er vrlo opu\u0161taju\u0107a.<\/p>\n","protected":false},"featured_media":91587,"template":"","meta":{"_acf_changed":false},"product_brand":[],"product_cat":[2111,2099,2105,2090,2061,2098,2068,2164,2102,2100,2109,2104,2093,2073,2087,2088,2091,2092],"product_tag":[],"berocket_brand":[521],"class_list":{"0":"post-92883","1":"product","2":"type-product","3":"status-publish","4":"has-post-thumbnail","6":"product_cat-dvorane","7":"product_cat-horeca-prostori-horeca","8":"product_cat-javni","9":"product_cat-proizvodi-stolice-stolice-za-sastanke","10":"product_cat-proizvodi","11":"product_cat-prostori-horeca","12":"product_cat-prostori","13":"product_cat-prostori-dvorane-visenamjenske-i-pomicne-sjedalice-za-dvorane","14":"product_cat-prostori-horeca-stolice-za-kongresne-dvorane","15":"product_cat-prostori-horeca-stolice-za-unutarnje-prostore","16":"product_cat-prostori-javni-stolice-za-unutarnje-prostore","17":"product_cat-prostori-rezidencijalni-stolice-za-unutarnje-prostore","18":"product_cat-prostori-uredi-stolice-za-sastanke","19":"product_cat-rezidencijalni","20":"product_cat-stolice","21":"product_cat-proizvodi-stolice-stolice-za-cekaonice","22":"product_cat-proizvodi-stolice-stolice-za-unutarnje-prostore","23":"product_cat-uredi","24":"berocket_brand-cernelic","26":"first","27":"instock","28":"product-type-grouped"},"acf":[],"_links":{"self":[{"href":"https:\/\/cernelic.hr\/en\/wp-json\/wp\/v2\/product\/92883","targetHints":{"allow":["GET"]}}],"collection":[{"href":"https:\/\/cernelic.hr\/en\/wp-json\/wp\/v2\/product"}],"about":[{"href":"https:\/\/cernelic.hr\/en\/wp-json\/wp\/v2\/types\/product"}],"wp:featuredmedia":[{"embeddable":true,"href":"https:\/\/cernelic.hr\/en\/wp-json\/wp\/v2\/media\/91587"}],"wp:attachment":[{"href":"https:\/\/cernelic.hr\/en\/wp-json\/wp\/v2\/media?parent=92883"}],"wp:term":[{"taxonomy":"product_brand","embeddable":true,"href":"https:\/\/cernelic.hr\/en\/wp-json\/wp\/v2\/product_brand?post=92883"},{"taxonomy":"product_cat","embeddable":true,"href":"https:\/\/cernelic.hr\/en\/wp-json\/wp\/v2\/product_cat?post=92883"},{"taxonomy":"product_tag","embeddable":true,"href":"https:\/\/cernelic.hr\/en\/wp-json\/wp\/v2\/product_tag?post=92883"},{"taxonomy":"berocket_brand","embeddable":true,"href":"https:\/\/cernelic.hr\/en\/wp-json\/wp\/v2\/berocket_brand?post=92883"}],"curies":[{"name":"wp","href":"https:\/\/api.w.org\/{rel}","templated":true}]}}