{"id":92884,"date":"2021-03-19T14:04:56","date_gmt":"2021-03-19T14:04:56","guid":{"rendered":"https:\/\/cernelic.hr\/katalog\/Bez%20kategorije\/nukleus-by-cernelic\/"},"modified":"2023-12-08T06:13:01","modified_gmt":"2023-12-08T06:13:01","slug":"nukleus-by-cernelic","status":"publish","type":"product","link":"https:\/\/cernelic.hr\/en\/proizvod\/nukleus-by-cernelic\/","title":{"rendered":"NUKLEUS by \u010cerneli\u0107"},"content":{"rendered":"<p>Nije dovoljno biti mlad, simpati\u010dan i \u0161armantan: morate znati spojiti su\u0161tinu sa sjajem. Ba\u0161 kao i \u201eNukleus\u201c, sa svojim \u017eivim i zabavnim bojama, ali ozbiljnim pristupom pru\u017eanju prave vrste udobnosti za cijelo tijelo. Jednodijelna struktura, bez vijaka ili spojeva bilo koje vrste, za jedinstveno iskustvo sjedenja. Polivalentne stolice koje opremanje vila ili projektiranje ku\u0107a vra\u0107aju temeljima.<\/p>\n","protected":false},"excerpt":{"rendered":"<p>Nije dovoljno biti mlad, simpati\u010dan i \u0161armantan: morate znati spojiti su\u0161tinu sa sjajem. Ba\u0161 kao i \u201eNukleus\u201c, sa svojim \u017eivim i zabavnim bojama, ali ozbiljnim pristupom pru\u017eanju prave vrste udobnosti za cijelo tijelo. Jednodijelna struktura, bez vijaka ili spojeva bilo koje vrste, za jedinstveno iskustvo sjedenja. Polivalentne stolice koje opremanje vila ili projektiranje ku\u0107a vra\u0107aju [&hellip;]<\/p>\n","protected":false},"featured_media":113657,"template":"","meta":{"_acf_changed":false},"product_brand":[],"product_cat":[2099,2105,2513,2061,2098,2068,2100,2070,2109,2125,2080,2104,2075,2073,2087,2088,2091,2124],"product_tag":[],"berocket_brand":[521],"class_list":{"0":"post-92884","1":"product","2":"type-product","3":"status-publish","4":"has-post-thumbnail","6":"product_cat-horeca-prostori-horeca","7":"product_cat-javni","8":"product_cat-outdoor","9":"product_cat-proizvodi","10":"product_cat-prostori-horeca","11":"product_cat-prostori","12":"product_cat-prostori-horeca-stolice-za-unutarnje-prostore","13":"product_cat-prostori-horeca-stolice-za-vanjske-prostore","14":"product_cat-prostori-javni-stolice-za-unutarnje-prostore","15":"product_cat-prostori-javni-stolice-za-vanjske-prostore","16":"product_cat-prostori-outdoor-stolice-za-vanjske-prostore","17":"product_cat-prostori-rezidencijalni-stolice-za-unutarnje-prostore","18":"product_cat-prostori-rezidencijalni-stolice-za-vanjske-prostore","19":"product_cat-rezidencijalni","20":"product_cat-stolice","21":"product_cat-proizvodi-stolice-stolice-za-cekaonice","22":"product_cat-proizvodi-stolice-stolice-za-unutarnje-prostore","23":"product_cat-proizvodi-stolice-stolice-za-vanjske-prostore","24":"berocket_brand-cernelic","26":"first","27":"instock","28":"product-type-grouped"},"acf":[],"_links":{"self":[{"href":"https:\/\/cernelic.hr\/en\/wp-json\/wp\/v2\/product\/92884","targetHints":{"allow":["GET"]}}],"collection":[{"href":"https:\/\/cernelic.hr\/en\/wp-json\/wp\/v2\/product"}],"about":[{"href":"https:\/\/cernelic.hr\/en\/wp-json\/wp\/v2\/types\/product"}],"wp:featuredmedia":[{"embeddable":true,"href":"https:\/\/cernelic.hr\/en\/wp-json\/wp\/v2\/media\/113657"}],"wp:attachment":[{"href":"https:\/\/cernelic.hr\/en\/wp-json\/wp\/v2\/media?parent=92884"}],"wp:term":[{"taxonomy":"product_brand","embeddable":true,"href":"https:\/\/cernelic.hr\/en\/wp-json\/wp\/v2\/product_brand?post=92884"},{"taxonomy":"product_cat","embeddable":true,"href":"https:\/\/cernelic.hr\/en\/wp-json\/wp\/v2\/product_cat?post=92884"},{"taxonomy":"product_tag","embeddable":true,"href":"https:\/\/cernelic.hr\/en\/wp-json\/wp\/v2\/product_tag?post=92884"},{"taxonomy":"berocket_brand","embeddable":true,"href":"https:\/\/cernelic.hr\/en\/wp-json\/wp\/v2\/berocket_brand?post=92884"}],"curies":[{"name":"wp","href":"https:\/\/api.w.org\/{rel}","templated":true}]}}