{"id":92892,"date":"2021-03-19T14:04:56","date_gmt":"2021-03-19T14:04:56","guid":{"rendered":"https:\/\/cernelic.hr\/katalog\/Bez%20kategorije\/iks-by-cernelic\/"},"modified":"2023-12-08T02:31:14","modified_gmt":"2023-12-08T02:31:14","slug":"iks-by-cernelic","status":"publish","type":"product","link":"https:\/\/cernelic.hr\/en\/proizvod\/iks-by-cernelic\/","title":{"rendered":"IKS by \u010cerneli\u0107"},"content":{"rendered":"<p>Polivalntni stolovi koji imaju \u010dist i zapanjuju\u0107e jednostavan dizajn, s bazom u obliku kri\u017ea u prirodnim i radosnim bojama.<\/p>\n","protected":false},"excerpt":{"rendered":"<p>Polivalntni stolovi koji imaju \u010dist i zapanjuju\u0107e jednostavan dizajn, s bazom u obliku kri\u017ea u prirodnim i radosnim bojama.<\/p>\n","protected":false},"featured_media":92032,"template":"","meta":{"_acf_changed":false},"product_brand":[],"product_cat":[2105,2142,2119,2513,2061,2068,2138,2144,2140,2147,2186,2121,2146,2139,2145,2073,2118,2135,2143,2136,2162],"product_tag":[],"berocket_brand":[521],"class_list":{"0":"post-92892","1":"product","2":"type-product","3":"status-publish","4":"has-post-thumbnail","6":"product_cat-javni","7":"product_cat-proizvodi-stolovi-niski-stolovi-vanjske-prostore","8":"product_cat-proizvodi-stolovi-niski-stolovi-za-unutarnje-prostore","9":"product_cat-outdoor","10":"product_cat-proizvodi","11":"product_cat-prostori","12":"product_cat-prostori-horeca-stolovi-za-unutarnje-prostore","13":"product_cat-prostori-horeca-stolovi-za-vanjske-prostore","14":"product_cat-prostori-javni-stolovi-za-unutarnje-prostore","15":"product_cat-prostori-javni-stolovi-za-vanjske-prostore","16":"product_cat-prostori-outdoor-stolovi","17":"product_cat-prostori-rezidencijalni-niski-klubski-stolici-za-unutarnje-prostore","18":"product_cat-prostori-rezidencijalni-niski-klubski-stolici-za-vanjske-prostore","19":"product_cat-prostori-rezidencijalni-stolovi-za-unutarnje-prostore","20":"product_cat-prostori-rezidencijalni-stolovi-za-vanjske-prostore","21":"product_cat-rezidencijalni","22":"product_cat-stolovi","23":"product_cat-proizvodi-stolovi-stolovi-za-unutarnje-prostore","24":"product_cat-proizvodi-stolovi-stolovi-za-vanjske-prostore","25":"product_cat-proizvodi-stolovi-visoki-barski-stolovi-za-unutarnje-prostore","26":"product_cat-proizvodi-stolovi-visoki-barski-stolovi-vanjske-prostore","27":"berocket_brand-cernelic","29":"first","30":"instock","31":"product-type-grouped"},"acf":[],"_links":{"self":[{"href":"https:\/\/cernelic.hr\/en\/wp-json\/wp\/v2\/product\/92892","targetHints":{"allow":["GET"]}}],"collection":[{"href":"https:\/\/cernelic.hr\/en\/wp-json\/wp\/v2\/product"}],"about":[{"href":"https:\/\/cernelic.hr\/en\/wp-json\/wp\/v2\/types\/product"}],"wp:featuredmedia":[{"embeddable":true,"href":"https:\/\/cernelic.hr\/en\/wp-json\/wp\/v2\/media\/92032"}],"wp:attachment":[{"href":"https:\/\/cernelic.hr\/en\/wp-json\/wp\/v2\/media?parent=92892"}],"wp:term":[{"taxonomy":"product_brand","embeddable":true,"href":"https:\/\/cernelic.hr\/en\/wp-json\/wp\/v2\/product_brand?post=92892"},{"taxonomy":"product_cat","embeddable":true,"href":"https:\/\/cernelic.hr\/en\/wp-json\/wp\/v2\/product_cat?post=92892"},{"taxonomy":"product_tag","embeddable":true,"href":"https:\/\/cernelic.hr\/en\/wp-json\/wp\/v2\/product_tag?post=92892"},{"taxonomy":"berocket_brand","embeddable":true,"href":"https:\/\/cernelic.hr\/en\/wp-json\/wp\/v2\/berocket_brand?post=92892"}],"curies":[{"name":"wp","href":"https:\/\/api.w.org\/{rel}","templated":true}]}}