{"id":92896,"date":"2021-03-19T14:04:56","date_gmt":"2021-03-19T14:04:56","guid":{"rendered":"https:\/\/cernelic.hr\/katalog\/Bez%20kategorije\/isla-by-gandiablasco\/"},"modified":"2023-12-08T06:16:29","modified_gmt":"2023-12-08T06:16:29","slug":"isla-by-gandiablasco","status":"publish","type":"product","link":"https:\/\/cernelic.hr\/en\/proizvod\/isla-by-gandiablasco\/","title":{"rendered":"ISLA by Gandia Blasco"},"content":{"rendered":"<p>\u201eISLA\u201c je svestrana i atraktivna outdoor kolekcija koju je dizajnirao Sebastian Herkner. U svojoj prvoj suradnji s GAN-om, njema\u010dki dizajner interijera istra\u017euje koncept modularnosti i \u017eivota na otvorenom, kroz udobne volumene i nepravilne oblike. Njegova tri modula mogu se koristiti samostalno ili u kombinaciji za generiranje vi\u0161e konfiguracija koje se prilago\u0111avaju svakom prostoru. U\u017eivajte u stvaranju vlastitog arhipelaga! \u201eMenorca\u201c, \u201eGomera\u201c i \u201eArosa\u201c, tri modula u \u201eISLA\u201c-i, nude se u sedam kombinacija boja: koralj, pijesak, \u0161koljka, plava, zelena, srebrna i granat.<\/p>\n","protected":false},"excerpt":{"rendered":"<p>\u201eISLA\u201c je svestrana i atraktivna outdoor kolekcija koju je dizajnirao Sebastian Herkner. U svojoj prvoj suradnji s GAN-om, njema\u010dki dizajner interijera istra\u017euje koncept modularnosti i \u017eivota na otvorenom, kroz udobne volumene i nepravilne oblike. Njegova tri modula mogu se koristiti samostalno ili u kombinaciji za generiranje vi\u0161e konfiguracija koje se prilago\u0111avaju svakom prostoru. U\u017eivajte u [&hellip;]<\/p>\n","protected":false},"featured_media":113732,"template":"","meta":{"_acf_changed":false},"product_brand":[],"product_cat":[2111,2062,2105,2142,2513,2061,2066,2068,2112,2071,2144,2141,2147,2199,2079,2074,2146,2073,2118],"product_tag":[],"berocket_brand":[527],"class_list":{"0":"post-92896","1":"product","2":"type-product","3":"status-publish","4":"has-post-thumbnail","6":"product_cat-dvorane","7":"product_cat-fotelje-i-garniture-za-sjedenje","8":"product_cat-javni","9":"product_cat-proizvodi-stolovi-niski-stolovi-vanjske-prostore","10":"product_cat-outdoor","11":"product_cat-proizvodi","12":"product_cat-proizvodi-fotelje-garniture-fotelje-i-garniture-za-vanjske-prostore","13":"product_cat-prostori","14":"product_cat-prostori-dvorane-fotelje-i-garniture-za-vanjske-prostore","15":"product_cat-prostori-horeca-fotelje-i-garniture-za-vanjske-prostore","16":"product_cat-prostori-horeca-stolovi-za-vanjske-prostore","17":"product_cat-prostori-javni-fotelje-i-garniture-za-vanjske-prostore","18":"product_cat-prostori-javni-stolovi-za-vanjske-prostore","19":"product_cat-prostori-outdoor-accesories","20":"product_cat-prostori-outdoor-fotelje-i-garniture-za-vanjske-prostore","21":"product_cat-prostori-rezidencijalni-fotelje-i-garniture-za-vanjske-prostore","22":"product_cat-prostori-rezidencijalni-niski-klubski-stolici-za-vanjske-prostore","23":"product_cat-rezidencijalni","24":"product_cat-stolovi","25":"berocket_brand-gandia-blasco","27":"first","28":"instock","29":"product-type-grouped"},"acf":[],"_links":{"self":[{"href":"https:\/\/cernelic.hr\/en\/wp-json\/wp\/v2\/product\/92896","targetHints":{"allow":["GET"]}}],"collection":[{"href":"https:\/\/cernelic.hr\/en\/wp-json\/wp\/v2\/product"}],"about":[{"href":"https:\/\/cernelic.hr\/en\/wp-json\/wp\/v2\/types\/product"}],"wp:featuredmedia":[{"embeddable":true,"href":"https:\/\/cernelic.hr\/en\/wp-json\/wp\/v2\/media\/113732"}],"wp:attachment":[{"href":"https:\/\/cernelic.hr\/en\/wp-json\/wp\/v2\/media?parent=92896"}],"wp:term":[{"taxonomy":"product_brand","embeddable":true,"href":"https:\/\/cernelic.hr\/en\/wp-json\/wp\/v2\/product_brand?post=92896"},{"taxonomy":"product_cat","embeddable":true,"href":"https:\/\/cernelic.hr\/en\/wp-json\/wp\/v2\/product_cat?post=92896"},{"taxonomy":"product_tag","embeddable":true,"href":"https:\/\/cernelic.hr\/en\/wp-json\/wp\/v2\/product_tag?post=92896"},{"taxonomy":"berocket_brand","embeddable":true,"href":"https:\/\/cernelic.hr\/en\/wp-json\/wp\/v2\/berocket_brand?post=92896"}],"curies":[{"name":"wp","href":"https:\/\/api.w.org\/{rel}","templated":true}]}}