{"id":92897,"date":"2021-03-19T14:04:56","date_gmt":"2021-03-19T14:04:56","guid":{"rendered":"https:\/\/cernelic.hr\/katalog\/Bez%20kategorije\/garden-layers-by-gandiablasco\/"},"modified":"2023-12-08T06:16:23","modified_gmt":"2023-12-08T06:16:23","slug":"garden-layers-by-gandiablasco","status":"publish","type":"product","link":"https:\/\/cernelic.hr\/en\/proizvod\/garden-layers-by-gandiablasco\/","title":{"rendered":"GARDEN LAYERS by Gandia Blasco"},"content":{"rendered":"<p>Kolekcija \u201eGarden Layers\u201c, koju je dizajnirala Patricia Urquiola inspirirana mugalskom arhitekturom i kulturom, uklju\u010duje \u0161iroku paletu tepiha, madraca, pomo\u0107nih stoli\u0107a, le\u017ealjki, rola i jastuka. Njene inovativne tkanine i punjenje dizajnirani su posebno za vanjsku upotrebu, zadr\u017eavaju\u0107i udobnost tipi\u010dnu za unutarnje prostore. Odli\u010dan izbor namje\u0161taja za terasu i za u\u017eivanje na otvorenom.<\/p>\n","protected":false},"excerpt":{"rendered":"<p>Kolekcija \u201eGarden Layers\u201c, koju je dizajnirala Patricia Urquiola inspirirana mugalskom arhitekturom i kulturom, uklju\u010duje \u0161iroku paletu tepiha, madraca, pomo\u0107nih stoli\u0107a, le\u017ealjki, rola i jastuka. Njene inovativne tkanine i punjenje dizajnirani su posebno za vanjsku upotrebu, zadr\u017eavaju\u0107i udobnost tipi\u010dnu za unutarnje prostore. Odli\u010dan izbor namje\u0161taja za terasu i za u\u017eivanje na otvorenom.<\/p>\n","protected":false},"featured_media":113730,"template":"","meta":{"_acf_changed":false},"product_brand":[],"product_cat":[2062,2167,2159,2142,2513,2187,2061,2066,2168,2160,2227,2228,2068,2071,2256,2072,2144,2079,2081,2229,2186,2074,2169,2076,2146,2191,2073,2118],"product_tag":[],"berocket_brand":[527],"class_list":{"0":"post-92897","1":"product","2":"type-product","3":"status-publish","4":"has-post-thumbnail","6":"product_cat-fotelje-i-garniture-za-sjedenje","7":"product_cat-kreveti","8":"product_cat-lezaljke","9":"product_cat-proizvodi-stolovi-niski-stolovi-vanjske-prostore","10":"product_cat-outdoor","11":"product_cat-podne-obloge","12":"product_cat-proizvodi","13":"product_cat-proizvodi-fotelje-garniture-fotelje-i-garniture-za-vanjske-prostore","14":"product_cat-proizvodi-kreveti-kreveti-i-madraci","15":"product_cat-proizvodi-lezaljke-lezaljke","16":"product_cat-proizvodi-podne-obloge-komadni-tepisi-za-unutarnje-prostore","17":"product_cat-proizvodi-podne-obloge-komadni-tepisi-za-vanjske-prostore","18":"product_cat-prostori","19":"product_cat-prostori-horeca-fotelje-i-garniture-za-vanjske-prostore","20":"product_cat-prostori-horeca-kreveti-i-madraci","21":"product_cat-prostori-horeca-lezaljke","22":"product_cat-prostori-horeca-stolovi-za-vanjske-prostore","23":"product_cat-prostori-outdoor-fotelje-i-garniture-za-vanjske-prostore","24":"product_cat-prostori-outdoor-lezaljke","25":"product_cat-prostori-outdoor-podne-obloge","26":"product_cat-prostori-outdoor-stolovi","27":"product_cat-prostori-rezidencijalni-fotelje-i-garniture-za-vanjske-prostore","28":"product_cat-prostori-rezidencijalni-kreveti-i-madraci","29":"product_cat-prostori-rezidencijalni-lezaljke","30":"product_cat-prostori-rezidencijalni-niski-klubski-stolici-za-vanjske-prostore","31":"product_cat-prostori-rezidencijalni-podne-obloge","32":"product_cat-rezidencijalni","33":"product_cat-stolovi","34":"berocket_brand-gandia-blasco","36":"first","37":"instock","38":"product-type-grouped"},"acf":[],"_links":{"self":[{"href":"https:\/\/cernelic.hr\/en\/wp-json\/wp\/v2\/product\/92897","targetHints":{"allow":["GET"]}}],"collection":[{"href":"https:\/\/cernelic.hr\/en\/wp-json\/wp\/v2\/product"}],"about":[{"href":"https:\/\/cernelic.hr\/en\/wp-json\/wp\/v2\/types\/product"}],"wp:featuredmedia":[{"embeddable":true,"href":"https:\/\/cernelic.hr\/en\/wp-json\/wp\/v2\/media\/113730"}],"wp:attachment":[{"href":"https:\/\/cernelic.hr\/en\/wp-json\/wp\/v2\/media?parent=92897"}],"wp:term":[{"taxonomy":"product_brand","embeddable":true,"href":"https:\/\/cernelic.hr\/en\/wp-json\/wp\/v2\/product_brand?post=92897"},{"taxonomy":"product_cat","embeddable":true,"href":"https:\/\/cernelic.hr\/en\/wp-json\/wp\/v2\/product_cat?post=92897"},{"taxonomy":"product_tag","embeddable":true,"href":"https:\/\/cernelic.hr\/en\/wp-json\/wp\/v2\/product_tag?post=92897"},{"taxonomy":"berocket_brand","embeddable":true,"href":"https:\/\/cernelic.hr\/en\/wp-json\/wp\/v2\/berocket_brand?post=92897"}],"curies":[{"name":"wp","href":"https:\/\/api.w.org\/{rel}","templated":true}]}}