{"id":92902,"date":"2021-03-19T14:04:56","date_gmt":"2021-03-19T14:04:56","guid":{"rendered":"https:\/\/cernelic.hr\/katalog\/Bez%20kategorije\/clyde-by-cernelic\/"},"modified":"2023-12-08T06:12:42","modified_gmt":"2023-12-08T06:12:42","slug":"bonny-by-bt","status":"publish","type":"product","link":"https:\/\/cernelic.hr\/en\/proizvod\/bonny-by-bt\/","title":{"rendered":"BONNY by B&amp;T"},"content":{"rendered":"<p>\u201eClyde\u201c fotelja, koju je dizajnirao Alp Nuho\u011flu, proizvod je koji svojom jednostavno\u0161\u0107u stvara eleganciju u prostoru. Nasloni za ruke i le\u0111a vizualiziraju osje\u0107aj ugode dok mu povr\u0161ina nagla\u0161ava skulpturalnu prisutnost koja pru\u017ea izdr\u017eljivost za duge godine kori\u0161tenja.<br \/>\n\u201eClyde\u201c sadr\u017ei funkcionalne detalje ispod svog elegantnog dizajna. Sa svojim okretnim mehanizmom olak\u0161ava korisniku okretanje pod razli\u010ditim kutovima. \u201eClyde\u201c svojim minimalizmom pokazuje sna\u017ean stav u razli\u010ditim prostorima; poput domova koji se fokusiraju na profinjene detalje u svom dizajnu interijera do projektiranja ureda ili opremanja hotela.<\/p>\n","protected":false},"excerpt":{"rendered":"<p>\u201eClyde\u201c fotelja, koju je dizajnirao Alp Nuho\u011flu, proizvod je koji svojom jednostavno\u0161\u0107u stvara eleganciju u prostoru. Nasloni za ruke i le\u0111a vizualiziraju osje\u0107aj ugode dok mu povr\u0161ina nagla\u0161ava skulpturalnu prisutnost koja pru\u017ea izdr\u017eljivost za duge godine kori\u0161tenja. \u201eClyde\u201c sadr\u017ei funkcionalne detalje ispod svog elegantnog dizajna. Sa svojim okretnim mehanizmom olak\u0161ava korisniku okretanje pod razli\u010ditim kutovima. [&hellip;]<\/p>\n","protected":false},"featured_media":113654,"template":"","meta":{"_acf_changed":false},"product_brand":[],"product_cat":[2111,2062,2105,2085,2061,2083,2082,2086,2068,2117,2101,2108,2103,2094,2073,2092],"product_tag":[],"berocket_brand":[1324],"class_list":{"0":"post-92902","1":"product","2":"type-product","3":"status-publish","4":"has-post-thumbnail","6":"product_cat-dvorane","7":"product_cat-fotelje-i-garniture-za-sjedenje","8":"product_cat-javni","9":"product_cat-namjestaj-za-urede","10":"product_cat-proizvodi","11":"product_cat-proizvodi-fotelje-garniture-fotelje-i-garniture-za-cekaone-i-predprostore","12":"product_cat-proizvodi-fotelje-garniture-fotelje-i-garniture-unutarnje-prostore","13":"product_cat-proizvodi-namjestaj-za-urede-fotelje-garniture-za-neformalne-sastanke","14":"product_cat-prostori","15":"product_cat-prostori-dvorane-fotelje-i-garniture-za-unutarnje-prostore","16":"product_cat-prostori-horeca-fotelje-i-garniture-za-unutarnje-prostore","17":"product_cat-prostori-javni-fotelje-i-garniture-za-unutarnje-prostore","18":"product_cat-prostori-rezidencijalni-fotelje-i-garniture-za-unutarnje-prostore","19":"product_cat-prostori-uredi-fotelje-i-garniture-za-sjedenje","20":"product_cat-rezidencijalni","21":"product_cat-uredi","22":"berocket_brand-bt","24":"first","25":"instock","26":"product-type-grouped"},"acf":[],"_links":{"self":[{"href":"https:\/\/cernelic.hr\/en\/wp-json\/wp\/v2\/product\/92902","targetHints":{"allow":["GET"]}}],"collection":[{"href":"https:\/\/cernelic.hr\/en\/wp-json\/wp\/v2\/product"}],"about":[{"href":"https:\/\/cernelic.hr\/en\/wp-json\/wp\/v2\/types\/product"}],"wp:featuredmedia":[{"embeddable":true,"href":"https:\/\/cernelic.hr\/en\/wp-json\/wp\/v2\/media\/113654"}],"wp:attachment":[{"href":"https:\/\/cernelic.hr\/en\/wp-json\/wp\/v2\/media?parent=92902"}],"wp:term":[{"taxonomy":"product_brand","embeddable":true,"href":"https:\/\/cernelic.hr\/en\/wp-json\/wp\/v2\/product_brand?post=92902"},{"taxonomy":"product_cat","embeddable":true,"href":"https:\/\/cernelic.hr\/en\/wp-json\/wp\/v2\/product_cat?post=92902"},{"taxonomy":"product_tag","embeddable":true,"href":"https:\/\/cernelic.hr\/en\/wp-json\/wp\/v2\/product_tag?post=92902"},{"taxonomy":"berocket_brand","embeddable":true,"href":"https:\/\/cernelic.hr\/en\/wp-json\/wp\/v2\/berocket_brand?post=92902"}],"curies":[{"name":"wp","href":"https:\/\/api.w.org\/{rel}","templated":true}]}}