{"id":92904,"date":"2021-03-19T14:08:28","date_gmt":"2021-03-19T14:08:28","guid":{"rendered":"https:\/\/cernelic.hr\/katalog\/Bez%20kategorije\/lilly-by-gandiablasco\/"},"modified":"2023-12-08T06:16:32","modified_gmt":"2023-12-08T06:16:32","slug":"lilly-by-gandiablasco","status":"publish","type":"product","link":"https:\/\/cernelic.hr\/en\/proizvod\/lilly-by-gandiablasco\/","title":{"rendered":"LILLY by Gandia Blasco"},"content":{"rendered":"<p>\u201eLilly\u201c kolekcija modularnih fotelja sna\u017ene vizualne estetike \u010dije povr\u0161ine nisu krute: meke su i ugodne na dodir. \u201eLilly\u201c garniture za sjedenje tupog su volumena i pernate te\u017eine. Lako rekonfigurabilne i le\u017eerne pozicije.<\/p>\n","protected":false},"excerpt":{"rendered":"<p>\u201eLilly\u201c kolekcija modularnih fotelja sna\u017ene vizualne estetike \u010dije povr\u0161ine nisu krute: meke su i ugodne na dodir. \u201eLilly\u201c garniture za sjedenje tupog su volumena i pernate te\u017eine. Lako rekonfigurabilne i le\u017eerne pozicije.<\/p>\n","protected":false},"featured_media":113733,"template":"","meta":{"_acf_changed":false},"product_brand":[],"product_cat":[2111,2062,2105,2513,2061,2066,2068,2112,2071,2141,2079,2074,2073],"product_tag":[],"berocket_brand":[1112],"class_list":{"0":"post-92904","1":"product","2":"type-product","3":"status-publish","4":"has-post-thumbnail","6":"product_cat-dvorane","7":"product_cat-fotelje-i-garniture-za-sjedenje","8":"product_cat-javni","9":"product_cat-outdoor","10":"product_cat-proizvodi","11":"product_cat-proizvodi-fotelje-garniture-fotelje-i-garniture-za-vanjske-prostore","12":"product_cat-prostori","13":"product_cat-prostori-dvorane-fotelje-i-garniture-za-vanjske-prostore","14":"product_cat-prostori-horeca-fotelje-i-garniture-za-vanjske-prostore","15":"product_cat-prostori-javni-fotelje-i-garniture-za-vanjske-prostore","16":"product_cat-prostori-outdoor-fotelje-i-garniture-za-vanjske-prostore","17":"product_cat-prostori-rezidencijalni-fotelje-i-garniture-za-vanjske-prostore","18":"product_cat-rezidencijalni","19":"berocket_brand-diabla-by-gandia-blasco","21":"first","22":"instock","23":"product-type-grouped"},"acf":[],"_links":{"self":[{"href":"https:\/\/cernelic.hr\/en\/wp-json\/wp\/v2\/product\/92904","targetHints":{"allow":["GET"]}}],"collection":[{"href":"https:\/\/cernelic.hr\/en\/wp-json\/wp\/v2\/product"}],"about":[{"href":"https:\/\/cernelic.hr\/en\/wp-json\/wp\/v2\/types\/product"}],"wp:featuredmedia":[{"embeddable":true,"href":"https:\/\/cernelic.hr\/en\/wp-json\/wp\/v2\/media\/113733"}],"wp:attachment":[{"href":"https:\/\/cernelic.hr\/en\/wp-json\/wp\/v2\/media?parent=92904"}],"wp:term":[{"taxonomy":"product_brand","embeddable":true,"href":"https:\/\/cernelic.hr\/en\/wp-json\/wp\/v2\/product_brand?post=92904"},{"taxonomy":"product_cat","embeddable":true,"href":"https:\/\/cernelic.hr\/en\/wp-json\/wp\/v2\/product_cat?post=92904"},{"taxonomy":"product_tag","embeddable":true,"href":"https:\/\/cernelic.hr\/en\/wp-json\/wp\/v2\/product_tag?post=92904"},{"taxonomy":"berocket_brand","embeddable":true,"href":"https:\/\/cernelic.hr\/en\/wp-json\/wp\/v2\/berocket_brand?post=92904"}],"curies":[{"name":"wp","href":"https:\/\/api.w.org\/{rel}","templated":true}]}}