{"id":92910,"date":"2021-03-19T14:08:28","date_gmt":"2021-03-19T14:08:28","guid":{"rendered":"https:\/\/cernelic.hr\/katalog\/Bez%20kategorije\/next-lounge-by-andreu-world\/"},"modified":"2023-12-08T06:12:21","modified_gmt":"2023-12-08T06:12:21","slug":"next-lounge-by-andreu-world","status":"publish","type":"product","link":"https:\/\/cernelic.hr\/en\/proizvod\/next-lounge-by-andreu-world\/","title":{"rendered":"NEXT LOUNGE by Andreu World"},"content":{"rendered":"<p>\u201eNext Lounge\u201c nova je ikoni\u010dna i udobna salonska stolica koja odi\u0161e maksimalnom vizualnom i ergonomskom udobno\u0161\u0107u, zaokru\u017euju\u0107i \u201eNext\u201c kolekciju. Izra\u017eava estetsku te\u010dnost kroz obline i obrnute nagibe koji obavijaju le\u0111a, ruke i glavu &#8211; kao ugodno i pahuljasto gnijezdo koje do\u010dekuje svojim mekim oblicima poput zagrljaja, pru\u017eaju\u0107i jedinstvenu udobnost bez rubova. Dolazi i u dvije visoke verzije sa svojim vlastitim identitetom.<\/p>\n","protected":false},"excerpt":{"rendered":"<p>\u201eNext Lounge\u201c nova je ikoni\u010dna i udobna salonska stolica koja odi\u0161e maksimalnom vizualnom i ergonomskom udobno\u0161\u0107u, zaokru\u017euju\u0107i \u201eNext\u201c kolekciju. Izra\u017eava estetsku te\u010dnost kroz obline i obrnute nagibe koji obavijaju le\u0111a, ruke i glavu &#8211; kao ugodno i pahuljasto gnijezdo koje do\u010dekuje svojim mekim oblicima poput zagrljaja, pru\u017eaju\u0107i jedinstvenu udobnost bez rubova. Dolazi i u dvije [&hellip;]<\/p>\n","protected":false},"featured_media":113647,"template":"","meta":{"_acf_changed":false},"product_brand":[],"product_cat":[2111,2062,2105,2085,2061,2083,2082,2086,2068,2117,2101,2108,2103,2094,2096,2073,2092],"product_tag":[],"berocket_brand":[518],"class_list":{"0":"post-92910","1":"product","2":"type-product","3":"status-publish","4":"has-post-thumbnail","6":"product_cat-dvorane","7":"product_cat-fotelje-i-garniture-za-sjedenje","8":"product_cat-javni","9":"product_cat-namjestaj-za-urede","10":"product_cat-proizvodi","11":"product_cat-proizvodi-fotelje-garniture-fotelje-i-garniture-za-cekaone-i-predprostore","12":"product_cat-proizvodi-fotelje-garniture-fotelje-i-garniture-unutarnje-prostore","13":"product_cat-proizvodi-namjestaj-za-urede-fotelje-garniture-za-neformalne-sastanke","14":"product_cat-prostori","15":"product_cat-prostori-dvorane-fotelje-i-garniture-za-unutarnje-prostore","16":"product_cat-prostori-horeca-fotelje-i-garniture-za-unutarnje-prostore","17":"product_cat-prostori-javni-fotelje-i-garniture-za-unutarnje-prostore","18":"product_cat-prostori-rezidencijalni-fotelje-i-garniture-za-unutarnje-prostore","19":"product_cat-prostori-uredi-fotelje-i-garniture-za-sjedenje","20":"product_cat-prostori-uredi-namjestaj-za-predprostore-i-cekaone","21":"product_cat-rezidencijalni","22":"product_cat-uredi","23":"berocket_brand-andreu-world","25":"first","26":"instock","27":"product-type-grouped"},"acf":[],"_links":{"self":[{"href":"https:\/\/cernelic.hr\/en\/wp-json\/wp\/v2\/product\/92910","targetHints":{"allow":["GET"]}}],"collection":[{"href":"https:\/\/cernelic.hr\/en\/wp-json\/wp\/v2\/product"}],"about":[{"href":"https:\/\/cernelic.hr\/en\/wp-json\/wp\/v2\/types\/product"}],"wp:featuredmedia":[{"embeddable":true,"href":"https:\/\/cernelic.hr\/en\/wp-json\/wp\/v2\/media\/113647"}],"wp:attachment":[{"href":"https:\/\/cernelic.hr\/en\/wp-json\/wp\/v2\/media?parent=92910"}],"wp:term":[{"taxonomy":"product_brand","embeddable":true,"href":"https:\/\/cernelic.hr\/en\/wp-json\/wp\/v2\/product_brand?post=92910"},{"taxonomy":"product_cat","embeddable":true,"href":"https:\/\/cernelic.hr\/en\/wp-json\/wp\/v2\/product_cat?post=92910"},{"taxonomy":"product_tag","embeddable":true,"href":"https:\/\/cernelic.hr\/en\/wp-json\/wp\/v2\/product_tag?post=92910"},{"taxonomy":"berocket_brand","embeddable":true,"href":"https:\/\/cernelic.hr\/en\/wp-json\/wp\/v2\/berocket_brand?post=92910"}],"curies":[{"name":"wp","href":"https:\/\/api.w.org\/{rel}","templated":true}]}}