{"id":92911,"date":"2021-03-19T14:08:28","date_gmt":"2021-03-19T14:08:28","guid":{"rendered":"https:\/\/cernelic.hr\/katalog\/Bez%20kategorije\/nuez-lounge-bio-by-andreu-world\/"},"modified":"2023-12-08T06:12:23","modified_gmt":"2023-12-08T06:12:23","slug":"nuez-lounge-bio-by-andreu-world","status":"publish","type":"product","link":"https:\/\/cernelic.hr\/en\/proizvod\/nuez-lounge-bio-by-andreu-world\/","title":{"rendered":"NUEZ LOUNGE BIO by Andreu World"},"content":{"rendered":"<p>\u201eNuez Lounge BIO\u201c zaklju\u010duje obitelj stolica, naslonja\u010da i stolaca dizajniranih od strane Patricije Urquiole, i sadr\u017ei topli i tehnolo\u0161ki karakter \u201eNuez\u201c kolekcije. Iz svoje trodimenzijonalne i obgrljuju\u0107e \u201eljuske\u201c, koja se mo\u017ee saviti kao list papira, najodr\u017eivija salonska stolica je ro\u0111ena.<\/p>\n","protected":false},"excerpt":{"rendered":"<p>\u201eNuez Lounge BIO\u201c zaklju\u010duje obitelj stolica, naslonja\u010da i stolaca dizajniranih od strane Patricije Urquiole, i sadr\u017ei topli i tehnolo\u0161ki karakter \u201eNuez\u201c kolekcije. Iz svoje trodimenzijonalne i obgrljuju\u0107e \u201eljuske\u201c, koja se mo\u017ee saviti kao list papira, najodr\u017eivija salonska stolica je ro\u0111ena.<\/p>\n","protected":false},"featured_media":113648,"template":"","meta":{"_acf_changed":false},"product_brand":[],"product_cat":[2111,2062,2105,2085,2061,2083,2082,2122,2086,2068,2117,2101,2108,2103,2094,2096,2073,2092],"product_tag":[],"berocket_brand":[518],"class_list":{"0":"post-92911","1":"product","2":"type-product","3":"status-publish","4":"has-post-thumbnail","6":"product_cat-dvorane","7":"product_cat-fotelje-i-garniture-za-sjedenje","8":"product_cat-javni","9":"product_cat-namjestaj-za-urede","10":"product_cat-proizvodi","11":"product_cat-proizvodi-fotelje-garniture-fotelje-i-garniture-za-cekaone-i-predprostore","12":"product_cat-proizvodi-fotelje-garniture-fotelje-i-garniture-unutarnje-prostore","13":"product_cat-proizvodi-fotelje-garniture-taburei","14":"product_cat-proizvodi-namjestaj-za-urede-fotelje-garniture-za-neformalne-sastanke","15":"product_cat-prostori","16":"product_cat-prostori-dvorane-fotelje-i-garniture-za-unutarnje-prostore","17":"product_cat-prostori-horeca-fotelje-i-garniture-za-unutarnje-prostore","18":"product_cat-prostori-javni-fotelje-i-garniture-za-unutarnje-prostore","19":"product_cat-prostori-rezidencijalni-fotelje-i-garniture-za-unutarnje-prostore","20":"product_cat-prostori-uredi-fotelje-i-garniture-za-sjedenje","21":"product_cat-prostori-uredi-namjestaj-za-predprostore-i-cekaone","22":"product_cat-rezidencijalni","23":"product_cat-uredi","24":"berocket_brand-andreu-world","26":"first","27":"instock","28":"product-type-grouped"},"acf":[],"_links":{"self":[{"href":"https:\/\/cernelic.hr\/en\/wp-json\/wp\/v2\/product\/92911","targetHints":{"allow":["GET"]}}],"collection":[{"href":"https:\/\/cernelic.hr\/en\/wp-json\/wp\/v2\/product"}],"about":[{"href":"https:\/\/cernelic.hr\/en\/wp-json\/wp\/v2\/types\/product"}],"wp:featuredmedia":[{"embeddable":true,"href":"https:\/\/cernelic.hr\/en\/wp-json\/wp\/v2\/media\/113648"}],"wp:attachment":[{"href":"https:\/\/cernelic.hr\/en\/wp-json\/wp\/v2\/media?parent=92911"}],"wp:term":[{"taxonomy":"product_brand","embeddable":true,"href":"https:\/\/cernelic.hr\/en\/wp-json\/wp\/v2\/product_brand?post=92911"},{"taxonomy":"product_cat","embeddable":true,"href":"https:\/\/cernelic.hr\/en\/wp-json\/wp\/v2\/product_cat?post=92911"},{"taxonomy":"product_tag","embeddable":true,"href":"https:\/\/cernelic.hr\/en\/wp-json\/wp\/v2\/product_tag?post=92911"},{"taxonomy":"berocket_brand","embeddable":true,"href":"https:\/\/cernelic.hr\/en\/wp-json\/wp\/v2\/berocket_brand?post=92911"}],"curies":[{"name":"wp","href":"https:\/\/api.w.org\/{rel}","templated":true}]}}