{"id":92912,"date":"2021-03-19T14:08:28","date_gmt":"2021-03-19T14:08:28","guid":{"rendered":"https:\/\/cernelic.hr\/katalog\/Bez%20kategorije\/tempo-credenza-by-andreu-world\/"},"modified":"2023-12-08T06:12:39","modified_gmt":"2023-12-08T06:12:39","slug":"tempo-credenza-by-andreu-world","status":"publish","type":"product","link":"https:\/\/cernelic.hr\/en\/proizvod\/tempo-credenza-by-andreu-world\/","title":{"rendered":"TEMPO CREDENZA by Andreu World"},"content":{"rendered":"<p>\u201eTempo\u201c je elegantan i suvremen dizajn, koji ostvaruje esenciju credenze. Ovaj komad namje\u0161taja dizajniran je kako bi bio kombiniran s modularnim elementima za vi\u0161enamjensku upotrebu u radnim prostorima i sobama za sastanke ili da odvoji javne od privatnih prostora pomo\u0107u svoje sposobnosti organiziranja prostora. Njegove \u010diste ladice i vrata otvaraju se i zatvaraju bez kvaka.<\/p>\n","protected":false},"excerpt":{"rendered":"<p>\u201eTempo\u201c je elegantan i suvremen dizajn, koji ostvaruje esenciju credenze. Ovaj komad namje\u0161taja dizajniran je kako bi bio kombiniran s modularnim elementima za vi\u0161enamjensku upotrebu u radnim prostorima i sobama za sastanke ili da odvoji javne od privatnih prostora pomo\u0107u svoje sposobnosti organiziranja prostora. Njegove \u010diste ladice i vrata otvaraju se i zatvaraju bez kvaka.<\/p>\n","protected":false},"featured_media":113653,"template":"","meta":{"_acf_changed":false},"product_brand":[],"product_cat":[2085,2171,2061,2172,2068,2175,2176,2178,2073,2092,2170],"product_tag":[],"berocket_brand":[518],"class_list":{"0":"post-92912","1":"product","2":"type-product","3":"status-publish","4":"has-post-thumbnail","6":"product_cat-namjestaj-za-urede","7":"product_cat-ormari-i-komode","8":"product_cat-proizvodi","9":"product_cat-proizvodi-ormari-i-komode-komode","10":"product_cat-prostori","11":"product_cat-prostori-horeca-ormari-i-komode","12":"product_cat-prostori-rezidencijalni-ormari-i-komode","13":"product_cat-prostori-uredi-namjestaj-za-odlaganje-i-arhiviranje-ormari","14":"product_cat-rezidencijalni","15":"product_cat-uredi","16":"product_cat-proizvodi-namjestaj-za-urede-namjestaj","17":"berocket_brand-andreu-world","19":"first","20":"instock","21":"product-type-grouped"},"acf":[],"_links":{"self":[{"href":"https:\/\/cernelic.hr\/en\/wp-json\/wp\/v2\/product\/92912","targetHints":{"allow":["GET"]}}],"collection":[{"href":"https:\/\/cernelic.hr\/en\/wp-json\/wp\/v2\/product"}],"about":[{"href":"https:\/\/cernelic.hr\/en\/wp-json\/wp\/v2\/types\/product"}],"wp:featuredmedia":[{"embeddable":true,"href":"https:\/\/cernelic.hr\/en\/wp-json\/wp\/v2\/media\/113653"}],"wp:attachment":[{"href":"https:\/\/cernelic.hr\/en\/wp-json\/wp\/v2\/media?parent=92912"}],"wp:term":[{"taxonomy":"product_brand","embeddable":true,"href":"https:\/\/cernelic.hr\/en\/wp-json\/wp\/v2\/product_brand?post=92912"},{"taxonomy":"product_cat","embeddable":true,"href":"https:\/\/cernelic.hr\/en\/wp-json\/wp\/v2\/product_cat?post=92912"},{"taxonomy":"product_tag","embeddable":true,"href":"https:\/\/cernelic.hr\/en\/wp-json\/wp\/v2\/product_tag?post=92912"},{"taxonomy":"berocket_brand","embeddable":true,"href":"https:\/\/cernelic.hr\/en\/wp-json\/wp\/v2\/berocket_brand?post=92912"}],"curies":[{"name":"wp","href":"https:\/\/api.w.org\/{rel}","templated":true}]}}