{"id":92914,"date":"2021-03-19T14:08:28","date_gmt":"2021-03-19T14:08:28","guid":{"rendered":"https:\/\/cernelic.hr\/katalog\/Bez%20kategorije\/solid-table-by-andreu-world\/"},"modified":"2023-12-08T06:12:35","modified_gmt":"2023-12-08T06:12:35","slug":"solid-table-by-andreu-world","status":"publish","type":"product","link":"https:\/\/cernelic.hr\/en\/proizvod\/solid-table-by-andreu-world\/","title":{"rendered":"SOLID TABLE by Andreu World"},"content":{"rendered":"<p>\u201eSolid\u201c konferencijski stol izra\u0111en je od totemskog postolja s geometrijom okruglog i kvadratnog plana na svojim plo\u010dama. Iskren i atraktivan dizajn, zahvaljuju\u0107i njegovoj snazi i jednostavnosti oblika, \u0161to ga \u010dini osnovnim arhetipom stola s sredi\u0161njim postoljem za radne sastanke ili za dom. Elegantna i neutralna estetika koja se uklapa u arhitekturu svakog javnog ili privatnog prostora. <\/p>\n","protected":false},"excerpt":{"rendered":"<p>\u201eSolid\u201c konferencijski stol izra\u0111en je od totemskog postolja s geometrijom okruglog i kvadratnog plana na svojim plo\u010dama. Iskren i atraktivan dizajn, zahvaljuju\u0107i njegovoj snazi i jednostavnosti oblika, \u0161to ga \u010dini osnovnim arhetipom stola s sredi\u0161njim postoljem za radne sastanke ili za dom. Elegantna i neutralna estetika koja se uklapa u arhitekturu svakog javnog ili privatnog [&hellip;]<\/p>\n","protected":false},"featured_media":113652,"template":"","meta":{"_acf_changed":false},"product_brand":[],"product_cat":[2105,2085,2061,2068,2149,2138,2151,2140,2150,2139,2148,2180,2073,2118,2132,2133,2135,2092,2170],"product_tag":[],"berocket_brand":[518],"class_list":{"0":"post-92914","1":"product","2":"type-product","3":"status-publish","4":"has-post-thumbnail","6":"product_cat-javni","7":"product_cat-namjestaj-za-urede","8":"product_cat-proizvodi","9":"product_cat-prostori","10":"product_cat-prostori-horeca-namjestaj-za-sastanke-i-konferencije","11":"product_cat-prostori-horeca-stolovi-za-unutarnje-prostore","12":"product_cat-prostori-javni-namjestaj-za-sastanke-i-konferencije","13":"product_cat-prostori-javni-stolovi-za-unutarnje-prostore","14":"product_cat-prostori-rezidencijalni-namjestaj-za-kucni-ured","15":"product_cat-prostori-rezidencijalni-stolovi-za-unutarnje-prostore","16":"product_cat-prostori-uredi-namjestaj-za-sastanke-i-konferencije","17":"product_cat-prostori-uredi-uredski-namjestaj","18":"product_cat-rezidencijalni","19":"product_cat-stolovi","20":"product_cat-proizvodi-stolovi-stolovi-za-kucni-ured","21":"product_cat-proizvodi-stolovi-stolovi-za-sastanke-i-konferencije","22":"product_cat-proizvodi-stolovi-stolovi-za-unutarnje-prostore","23":"product_cat-uredi","24":"product_cat-proizvodi-namjestaj-za-urede-namjestaj","25":"berocket_brand-andreu-world","27":"first","28":"instock","29":"product-type-grouped"},"acf":[],"_links":{"self":[{"href":"https:\/\/cernelic.hr\/en\/wp-json\/wp\/v2\/product\/92914","targetHints":{"allow":["GET"]}}],"collection":[{"href":"https:\/\/cernelic.hr\/en\/wp-json\/wp\/v2\/product"}],"about":[{"href":"https:\/\/cernelic.hr\/en\/wp-json\/wp\/v2\/types\/product"}],"wp:featuredmedia":[{"embeddable":true,"href":"https:\/\/cernelic.hr\/en\/wp-json\/wp\/v2\/media\/113652"}],"wp:attachment":[{"href":"https:\/\/cernelic.hr\/en\/wp-json\/wp\/v2\/media?parent=92914"}],"wp:term":[{"taxonomy":"product_brand","embeddable":true,"href":"https:\/\/cernelic.hr\/en\/wp-json\/wp\/v2\/product_brand?post=92914"},{"taxonomy":"product_cat","embeddable":true,"href":"https:\/\/cernelic.hr\/en\/wp-json\/wp\/v2\/product_cat?post=92914"},{"taxonomy":"product_tag","embeddable":true,"href":"https:\/\/cernelic.hr\/en\/wp-json\/wp\/v2\/product_tag?post=92914"},{"taxonomy":"berocket_brand","embeddable":true,"href":"https:\/\/cernelic.hr\/en\/wp-json\/wp\/v2\/berocket_brand?post=92914"}],"curies":[{"name":"wp","href":"https:\/\/api.w.org\/{rel}","templated":true}]}}