{"id":94081,"date":"2021-03-22T06:39:40","date_gmt":"2021-03-22T06:39:40","guid":{"rendered":"https:\/\/cernelic.hr\/katalog\/Bez%20kategorije\/marina-by-andreu-world-3\/"},"modified":"2023-12-08T06:12:18","modified_gmt":"2023-12-08T06:12:18","slug":"marina-by-andreu-world","status":"publish","type":"product","link":"https:\/\/cernelic.hr\/en\/proizvod\/marina-by-andreu-world\/","title":{"rendered":"MARINA by Andreu World"},"content":{"rendered":"<p>Obgrljuju\u0107 i svje\u017e, \u201eMarina\u201c je jako poseban naslonja\u010d. Njegov protkani naslon i tapecirani jastuk nude udobnost i \u010dine \u017eivopisnu igru koja definira njegov karakter. Razli\u010dite boje trake u skladu su s nijansama cjevastog metalnog okvira. Takva svestranost \u010dini ovaj dizajn odli\u010dnom opcijom za sve tipove projekata; bilo za opremanje ku\u0107e ili opremanje ureda.<\/p>\n","protected":false},"excerpt":{"rendered":"<p>Obgrljuju\u0107 i svje\u017e, \u201eMarina\u201c je jako poseban naslonja\u010d. Njegov protkani naslon i tapecirani jastuk nude udobnost i \u010dine \u017eivopisnu igru koja definira njegov karakter. Razli\u010dite boje trake u skladu su s nijansama cjevastog metalnog okvira. Takva svestranost \u010dini ovaj dizajn odli\u010dnom opcijom za sve tipove projekata; bilo za opremanje ku\u0107e ili opremanje ureda.<\/p>\n","protected":false},"featured_media":113646,"template":"","meta":{"_acf_changed":false},"product_brand":[],"product_cat":[541],"product_tag":[],"berocket_brand":[518],"class_list":{"0":"post-94081","1":"product","2":"type-product","3":"status-publish","4":"has-post-thumbnail","6":"product_cat-uncategorized-hr","7":"berocket_brand-andreu-world","9":"first","10":"instock","11":"product-type-grouped"},"acf":[],"_links":{"self":[{"href":"https:\/\/cernelic.hr\/en\/wp-json\/wp\/v2\/product\/94081","targetHints":{"allow":["GET"]}}],"collection":[{"href":"https:\/\/cernelic.hr\/en\/wp-json\/wp\/v2\/product"}],"about":[{"href":"https:\/\/cernelic.hr\/en\/wp-json\/wp\/v2\/types\/product"}],"wp:featuredmedia":[{"embeddable":true,"href":"https:\/\/cernelic.hr\/en\/wp-json\/wp\/v2\/media\/113646"}],"wp:attachment":[{"href":"https:\/\/cernelic.hr\/en\/wp-json\/wp\/v2\/media?parent=94081"}],"wp:term":[{"taxonomy":"product_brand","embeddable":true,"href":"https:\/\/cernelic.hr\/en\/wp-json\/wp\/v2\/product_brand?post=94081"},{"taxonomy":"product_cat","embeddable":true,"href":"https:\/\/cernelic.hr\/en\/wp-json\/wp\/v2\/product_cat?post=94081"},{"taxonomy":"product_tag","embeddable":true,"href":"https:\/\/cernelic.hr\/en\/wp-json\/wp\/v2\/product_tag?post=94081"},{"taxonomy":"berocket_brand","embeddable":true,"href":"https:\/\/cernelic.hr\/en\/wp-json\/wp\/v2\/berocket_brand?post=94081"}],"curies":[{"name":"wp","href":"https:\/\/api.w.org\/{rel}","templated":true}]}}