{"id":94082,"date":"2021-03-22T06:39:40","date_gmt":"2021-03-22T06:39:40","guid":{"rendered":"https:\/\/cernelic.hr\/katalog\/Bez%20kategorije\/next-by-andreu-world-2\/"},"modified":"2023-12-08T03:42:00","modified_gmt":"2023-12-08T03:42:00","slug":"next-by-andreu-world","status":"publish","type":"product","link":"https:\/\/cernelic.hr\/en\/proizvod\/next-by-andreu-world\/","title":{"rendered":"NEXT  by Andreu World"},"content":{"rendered":"<p>\u201eNext\u201c je udobna, kao \u0161to je i svestrana i funkcionalna. Integrira se u sve tipove okolina; za ure\u0111enje ureda, stanova ili za ure\u0111enje javnih objekata. Razli\u010dita postolja s sredi\u0161tem od drva, \u010detiri drvene noge, pet kota\u010di\u0107a i plo\u0161nim nogama \u2013 dodatno poja\u010davaju njenu prilagodljivost.<\/p>\n","protected":false},"excerpt":{"rendered":"<p>\u201eNext\u201c je udobna, kao \u0161to je i svestrana i funkcionalna. Integrira se u sve tipove okolina; za ure\u0111enje ureda, stanova ili za ure\u0111enje javnih objekata. Razli\u010dita postolja s sredi\u0161tem od drva, \u010detiri drvene noge, pet kota\u010di\u0107a i plo\u0161nim nogama \u2013 dodatno poja\u010davaju njenu prilagodljivost.<\/p>\n","protected":false},"featured_media":95021,"template":"","meta":{"_acf_changed":false},"product_brand":[],"product_cat":[541],"product_tag":[],"berocket_brand":[518],"class_list":{"0":"post-94082","1":"product","2":"type-product","3":"status-publish","4":"has-post-thumbnail","6":"product_cat-uncategorized-hr","7":"berocket_brand-andreu-world","9":"first","10":"instock","11":"product-type-grouped"},"acf":[],"_links":{"self":[{"href":"https:\/\/cernelic.hr\/en\/wp-json\/wp\/v2\/product\/94082","targetHints":{"allow":["GET"]}}],"collection":[{"href":"https:\/\/cernelic.hr\/en\/wp-json\/wp\/v2\/product"}],"about":[{"href":"https:\/\/cernelic.hr\/en\/wp-json\/wp\/v2\/types\/product"}],"wp:featuredmedia":[{"embeddable":true,"href":"https:\/\/cernelic.hr\/en\/wp-json\/wp\/v2\/media\/95021"}],"wp:attachment":[{"href":"https:\/\/cernelic.hr\/en\/wp-json\/wp\/v2\/media?parent=94082"}],"wp:term":[{"taxonomy":"product_brand","embeddable":true,"href":"https:\/\/cernelic.hr\/en\/wp-json\/wp\/v2\/product_brand?post=94082"},{"taxonomy":"product_cat","embeddable":true,"href":"https:\/\/cernelic.hr\/en\/wp-json\/wp\/v2\/product_cat?post=94082"},{"taxonomy":"product_tag","embeddable":true,"href":"https:\/\/cernelic.hr\/en\/wp-json\/wp\/v2\/product_tag?post=94082"},{"taxonomy":"berocket_brand","embeddable":true,"href":"https:\/\/cernelic.hr\/en\/wp-json\/wp\/v2\/berocket_brand?post=94082"}],"curies":[{"name":"wp","href":"https:\/\/api.w.org\/{rel}","templated":true}]}}