{"id":94083,"date":"2021-03-22T06:43:21","date_gmt":"2021-03-22T06:43:21","guid":{"rendered":"https:\/\/cernelic.hr\/katalog\/Bez%20kategorije\/altet-by-expormim-2\/"},"modified":"2023-12-08T03:41:57","modified_gmt":"2023-12-08T03:41:57","slug":"altet-by-expormim","status":"publish","type":"product","link":"https:\/\/cernelic.hr\/en\/proizvod\/altet-by-expormim\/","title":{"rendered":"ALTET  by Expormim"},"content":{"rendered":"<p>Altet je jedan od onih bezvremenskih klasika koji zaslu\u017euju reeditiranje zbog svoje elegancije i jednostavnosti. U redizajnu se nije odustalo od njenih prvotnih korijena niti je izgubila dio svog karaktera. Ova a\u017eurirana verzija stolice primjer je kako uspje\u0161no pre\u017eivjeti protok vremena. Ekskluzivna, vrhunska kolekcija proiza\u0161la je iz procesa u kojem suvremenost i tradicija postaju spojeni, a fine sirovine stapaju se s najnaprednijim komponentama stvorenih za opremanje restorana, ili projektiranje ku\u0107a.<\/p>\n","protected":false},"excerpt":{"rendered":"<p>Altet je jedan od onih bezvremenskih klasika koji zaslu\u017euju reeditiranje zbog svoje elegancije i jednostavnosti. U redizajnu se nije odustalo od njenih prvotnih korijena niti je izgubila dio svog karaktera. Ova a\u017eurirana verzija stolice primjer je kako uspje\u0161no pre\u017eivjeti protok vremena. Ekskluzivna, vrhunska kolekcija proiza\u0161la je iz procesa u kojem suvremenost i tradicija postaju spojeni, [&hellip;]<\/p>\n","protected":false},"featured_media":95020,"template":"","meta":{"_acf_changed":false},"product_brand":[],"product_cat":[2501],"product_tag":[],"berocket_brand":[523],"class_list":{"0":"post-94083","1":"product","2":"type-product","3":"status-publish","4":"has-post-thumbnail","6":"product_cat-nekategorizirane","7":"berocket_brand-expormim","9":"first","10":"instock","11":"product-type-grouped"},"acf":[],"_links":{"self":[{"href":"https:\/\/cernelic.hr\/en\/wp-json\/wp\/v2\/product\/94083","targetHints":{"allow":["GET"]}}],"collection":[{"href":"https:\/\/cernelic.hr\/en\/wp-json\/wp\/v2\/product"}],"about":[{"href":"https:\/\/cernelic.hr\/en\/wp-json\/wp\/v2\/types\/product"}],"wp:featuredmedia":[{"embeddable":true,"href":"https:\/\/cernelic.hr\/en\/wp-json\/wp\/v2\/media\/95020"}],"wp:attachment":[{"href":"https:\/\/cernelic.hr\/en\/wp-json\/wp\/v2\/media?parent=94083"}],"wp:term":[{"taxonomy":"product_brand","embeddable":true,"href":"https:\/\/cernelic.hr\/en\/wp-json\/wp\/v2\/product_brand?post=94083"},{"taxonomy":"product_cat","embeddable":true,"href":"https:\/\/cernelic.hr\/en\/wp-json\/wp\/v2\/product_cat?post=94083"},{"taxonomy":"product_tag","embeddable":true,"href":"https:\/\/cernelic.hr\/en\/wp-json\/wp\/v2\/product_tag?post=94083"},{"taxonomy":"berocket_brand","embeddable":true,"href":"https:\/\/cernelic.hr\/en\/wp-json\/wp\/v2\/berocket_brand?post=94083"}],"curies":[{"name":"wp","href":"https:\/\/api.w.org\/{rel}","templated":true}]}}