{"id":94084,"date":"2021-03-22T06:43:21","date_gmt":"2021-03-22T06:43:21","guid":{"rendered":"https:\/\/cernelic.hr\/katalog\/Bez%20kategorije\/armadillo-by-expormim-2\/"},"modified":"2023-12-08T03:41:55","modified_gmt":"2023-12-08T03:41:55","slug":"armadillo-by-expormim","status":"publish","type":"product","link":"https:\/\/cernelic.hr\/en\/proizvod\/armadillo-by-expormim\/","title":{"rendered":"ARMADILLO  by Expormim"},"content":{"rendered":"<p>Armadillo je revizija komada namje\u0161taja u ratanu: papasanu, ali ovo je radikalno slobodna i \u010dudesno postmoderna verzija. Expormim Armadillo ima simpati\u010dnu srame\u017eljivost \u017eivotinje po kojoj dobiva ime dok u svojoj silueti sadr\u017ei nepogre\u0161iv potpis valencijanskog studija sadr\u017eavaju\u0107i UV filtere koji su odli\u010dna za\u0161tita od sunca.<\/p>\n","protected":false},"excerpt":{"rendered":"<p>Armadillo je revizija komada namje\u0161taja u ratanu: papasanu, ali ovo je radikalno slobodna i \u010dudesno postmoderna verzija. Expormim Armadillo ima simpati\u010dnu srame\u017eljivost \u017eivotinje po kojoj dobiva ime dok u svojoj silueti sadr\u017ei nepogre\u0161iv potpis valencijanskog studija sadr\u017eavaju\u0107i UV filtere koji su odli\u010dna za\u0161tita od sunca.<\/p>\n","protected":false},"featured_media":95019,"template":"","meta":{"_acf_changed":false},"product_brand":[],"product_cat":[2501],"product_tag":[],"berocket_brand":[523],"class_list":{"0":"post-94084","1":"product","2":"type-product","3":"status-publish","4":"has-post-thumbnail","6":"product_cat-nekategorizirane","7":"berocket_brand-expormim","9":"first","10":"instock","11":"product-type-grouped"},"acf":[],"_links":{"self":[{"href":"https:\/\/cernelic.hr\/en\/wp-json\/wp\/v2\/product\/94084","targetHints":{"allow":["GET"]}}],"collection":[{"href":"https:\/\/cernelic.hr\/en\/wp-json\/wp\/v2\/product"}],"about":[{"href":"https:\/\/cernelic.hr\/en\/wp-json\/wp\/v2\/types\/product"}],"wp:featuredmedia":[{"embeddable":true,"href":"https:\/\/cernelic.hr\/en\/wp-json\/wp\/v2\/media\/95019"}],"wp:attachment":[{"href":"https:\/\/cernelic.hr\/en\/wp-json\/wp\/v2\/media?parent=94084"}],"wp:term":[{"taxonomy":"product_brand","embeddable":true,"href":"https:\/\/cernelic.hr\/en\/wp-json\/wp\/v2\/product_brand?post=94084"},{"taxonomy":"product_cat","embeddable":true,"href":"https:\/\/cernelic.hr\/en\/wp-json\/wp\/v2\/product_cat?post=94084"},{"taxonomy":"product_tag","embeddable":true,"href":"https:\/\/cernelic.hr\/en\/wp-json\/wp\/v2\/product_tag?post=94084"},{"taxonomy":"berocket_brand","embeddable":true,"href":"https:\/\/cernelic.hr\/en\/wp-json\/wp\/v2\/berocket_brand?post=94084"}],"curies":[{"name":"wp","href":"https:\/\/api.w.org\/{rel}","templated":true}]}}