{"id":94085,"date":"2021-03-22T06:43:21","date_gmt":"2021-03-22T06:43:21","guid":{"rendered":"https:\/\/cernelic.hr\/katalog\/Bez%20kategorije\/basic-by-expormim-2\/"},"modified":"2023-12-08T03:41:52","modified_gmt":"2023-12-08T03:41:52","slug":"basic-by-expormim","status":"publish","type":"product","link":"https:\/\/cernelic.hr\/en\/proizvod\/basic-by-expormim\/","title":{"rendered":"BASIC  by Expormim"},"content":{"rendered":"<p>Sve povr\u0161ine \u201eBasic\u201c obitelji izra\u0111ene su od punog drveta europskog hrasta \u010desto kori\u0161tenog kod opremanja restorana ili projektiranja ku\u0107a. Mogu\u0107nost prilago\u0111avanja prednje strane vrata kori\u0161tenjem tri vrste Kerlite\u00ae porculanske zavr\u0161ne obrade. Postoje tri opcije za noge: baza od punog drveta, noge od punog drveta i metalne noge. Kolekcija je dostupna i u furniru europskog hrasta dok je unutarnja ladica po izboru.<\/p>\n","protected":false},"excerpt":{"rendered":"<p>Sve povr\u0161ine \u201eBasic\u201c obitelji izra\u0111ene su od punog drveta europskog hrasta \u010desto kori\u0161tenog kod opremanja restorana ili projektiranja ku\u0107a. Mogu\u0107nost prilago\u0111avanja prednje strane vrata kori\u0161tenjem tri vrste Kerlite\u00ae porculanske zavr\u0161ne obrade. Postoje tri opcije za noge: baza od punog drveta, noge od punog drveta i metalne noge. Kolekcija je dostupna i u furniru europskog hrasta [&hellip;]<\/p>\n","protected":false},"featured_media":95018,"template":"","meta":{"_acf_changed":false},"product_brand":[],"product_cat":[2501],"product_tag":[],"berocket_brand":[523],"class_list":{"0":"post-94085","1":"product","2":"type-product","3":"status-publish","4":"has-post-thumbnail","6":"product_cat-nekategorizirane","7":"berocket_brand-expormim","9":"first","10":"instock","11":"product-type-grouped"},"acf":[],"_links":{"self":[{"href":"https:\/\/cernelic.hr\/en\/wp-json\/wp\/v2\/product\/94085","targetHints":{"allow":["GET"]}}],"collection":[{"href":"https:\/\/cernelic.hr\/en\/wp-json\/wp\/v2\/product"}],"about":[{"href":"https:\/\/cernelic.hr\/en\/wp-json\/wp\/v2\/types\/product"}],"wp:featuredmedia":[{"embeddable":true,"href":"https:\/\/cernelic.hr\/en\/wp-json\/wp\/v2\/media\/95018"}],"wp:attachment":[{"href":"https:\/\/cernelic.hr\/en\/wp-json\/wp\/v2\/media?parent=94085"}],"wp:term":[{"taxonomy":"product_brand","embeddable":true,"href":"https:\/\/cernelic.hr\/en\/wp-json\/wp\/v2\/product_brand?post=94085"},{"taxonomy":"product_cat","embeddable":true,"href":"https:\/\/cernelic.hr\/en\/wp-json\/wp\/v2\/product_cat?post=94085"},{"taxonomy":"product_tag","embeddable":true,"href":"https:\/\/cernelic.hr\/en\/wp-json\/wp\/v2\/product_tag?post=94085"},{"taxonomy":"berocket_brand","embeddable":true,"href":"https:\/\/cernelic.hr\/en\/wp-json\/wp\/v2\/berocket_brand?post=94085"}],"curies":[{"name":"wp","href":"https:\/\/api.w.org\/{rel}","templated":true}]}}