{"id":94086,"date":"2021-03-22T06:43:34","date_gmt":"2021-03-22T06:43:34","guid":{"rendered":"https:\/\/cernelic.hr\/katalog\/Bez%20kategorije\/benasal-by-expormim-2\/"},"modified":"2023-12-08T03:41:49","modified_gmt":"2023-12-08T03:41:49","slug":"benasal-by-expormim","status":"publish","type":"product","link":"https:\/\/cernelic.hr\/en\/proizvod\/benasal-by-expormim\/","title":{"rendered":"BENASAL  by Expormim"},"content":{"rendered":"<p>Uz Benasal stvorite opu\u0161taju\u0107u atmosferu u kojoj se slobodno mo\u017eete sklup\u010dati i udobno smjestiti. Prirodna, oguljena i zatamnjena konstrukcija od ratana dostupna je u raznim nijansama, a uz opcijske jastuke, ovaj prekrasan dizajn iz Studija Expormim mo\u017ee stvoriti osje\u0107aj \u201ckao kod ku\u0107e\u201c jednako osje\u0107aju \u201euz Sredozemno more\u201c dok je ujedno vrlo otporan na sun\u010devo zra\u010denje zahvaljuju\u0107i UV filterima, koji su odli\u010dna za\u0161tita od sunca.<\/p>\n","protected":false},"excerpt":{"rendered":"<p>Uz Benasal stvorite opu\u0161taju\u0107u atmosferu u kojoj se slobodno mo\u017eete sklup\u010dati i udobno smjestiti. Prirodna, oguljena i zatamnjena konstrukcija od ratana dostupna je u raznim nijansama, a uz opcijske jastuke, ovaj prekrasan dizajn iz Studija Expormim mo\u017ee stvoriti osje\u0107aj \u201ckao kod ku\u0107e\u201c jednako osje\u0107aju \u201euz Sredozemno more\u201c dok je ujedno vrlo otporan na sun\u010devo zra\u010denje [&hellip;]<\/p>\n","protected":false},"featured_media":95017,"template":"","meta":{"_acf_changed":false},"product_brand":[],"product_cat":[2501],"product_tag":[],"berocket_brand":[523],"class_list":{"0":"post-94086","1":"product","2":"type-product","3":"status-publish","4":"has-post-thumbnail","6":"product_cat-nekategorizirane","7":"berocket_brand-expormim","9":"first","10":"instock","11":"product-type-grouped"},"acf":[],"_links":{"self":[{"href":"https:\/\/cernelic.hr\/en\/wp-json\/wp\/v2\/product\/94086","targetHints":{"allow":["GET"]}}],"collection":[{"href":"https:\/\/cernelic.hr\/en\/wp-json\/wp\/v2\/product"}],"about":[{"href":"https:\/\/cernelic.hr\/en\/wp-json\/wp\/v2\/types\/product"}],"wp:featuredmedia":[{"embeddable":true,"href":"https:\/\/cernelic.hr\/en\/wp-json\/wp\/v2\/media\/95017"}],"wp:attachment":[{"href":"https:\/\/cernelic.hr\/en\/wp-json\/wp\/v2\/media?parent=94086"}],"wp:term":[{"taxonomy":"product_brand","embeddable":true,"href":"https:\/\/cernelic.hr\/en\/wp-json\/wp\/v2\/product_brand?post=94086"},{"taxonomy":"product_cat","embeddable":true,"href":"https:\/\/cernelic.hr\/en\/wp-json\/wp\/v2\/product_cat?post=94086"},{"taxonomy":"product_tag","embeddable":true,"href":"https:\/\/cernelic.hr\/en\/wp-json\/wp\/v2\/product_tag?post=94086"},{"taxonomy":"berocket_brand","embeddable":true,"href":"https:\/\/cernelic.hr\/en\/wp-json\/wp\/v2\/berocket_brand?post=94086"}],"curies":[{"name":"wp","href":"https:\/\/api.w.org\/{rel}","templated":true}]}}