{"id":94087,"date":"2021-03-22T06:43:34","date_gmt":"2021-03-22T06:43:34","guid":{"rendered":"https:\/\/cernelic.hr\/katalog\/Bez%20kategorije\/bistro-in-by-expormim-2\/"},"modified":"2023-12-08T03:41:27","modified_gmt":"2023-12-08T03:41:27","slug":"bistro-in-by-expormim","status":"publish","type":"product","link":"https:\/\/cernelic.hr\/en\/proizvod\/bistro-in-by-expormim\/","title":{"rendered":"BISTRO IN  by Expormim"},"content":{"rendered":"<p>Povr\u0161ina ovog polivaletnog stola je od punog drveta europskog hrasta presjeka 22 mm\/0,86\u201d. Struktura izra\u0111ena od ovalne cijevi od nehr\u0111aju\u0107eg \u010delika, obra\u0111eno poliesterskim prahom. Kolekcija je dostupna i u lakiranoj verziji (MDF) i \u0161perplo\u010di od europskog hrasta.<\/p>\n","protected":false},"excerpt":{"rendered":"<p>Povr\u0161ina ovog polivaletnog stola je od punog drveta europskog hrasta presjeka 22 mm\/0,86\u201d. Struktura izra\u0111ena od ovalne cijevi od nehr\u0111aju\u0107eg \u010delika, obra\u0111eno poliesterskim prahom. Kolekcija je dostupna i u lakiranoj verziji (MDF) i \u0161perplo\u010di od europskog hrasta.<\/p>\n","protected":false},"featured_media":95016,"template":"","meta":{"_acf_changed":false},"product_brand":[],"product_cat":[2501],"product_tag":[],"berocket_brand":[523],"class_list":{"0":"post-94087","1":"product","2":"type-product","3":"status-publish","4":"has-post-thumbnail","6":"product_cat-nekategorizirane","7":"berocket_brand-expormim","9":"first","10":"instock","11":"product-type-grouped"},"acf":[],"_links":{"self":[{"href":"https:\/\/cernelic.hr\/en\/wp-json\/wp\/v2\/product\/94087","targetHints":{"allow":["GET"]}}],"collection":[{"href":"https:\/\/cernelic.hr\/en\/wp-json\/wp\/v2\/product"}],"about":[{"href":"https:\/\/cernelic.hr\/en\/wp-json\/wp\/v2\/types\/product"}],"wp:featuredmedia":[{"embeddable":true,"href":"https:\/\/cernelic.hr\/en\/wp-json\/wp\/v2\/media\/95016"}],"wp:attachment":[{"href":"https:\/\/cernelic.hr\/en\/wp-json\/wp\/v2\/media?parent=94087"}],"wp:term":[{"taxonomy":"product_brand","embeddable":true,"href":"https:\/\/cernelic.hr\/en\/wp-json\/wp\/v2\/product_brand?post=94087"},{"taxonomy":"product_cat","embeddable":true,"href":"https:\/\/cernelic.hr\/en\/wp-json\/wp\/v2\/product_cat?post=94087"},{"taxonomy":"product_tag","embeddable":true,"href":"https:\/\/cernelic.hr\/en\/wp-json\/wp\/v2\/product_tag?post=94087"},{"taxonomy":"berocket_brand","embeddable":true,"href":"https:\/\/cernelic.hr\/en\/wp-json\/wp\/v2\/berocket_brand?post=94087"}],"curies":[{"name":"wp","href":"https:\/\/api.w.org\/{rel}","templated":true}]}}