{"id":94088,"date":"2021-03-22T06:43:34","date_gmt":"2021-03-22T06:43:34","guid":{"rendered":"https:\/\/cernelic.hr\/katalog\/Bez%20kategorije\/copa-by-expormim-2\/"},"modified":"2023-12-08T03:41:24","modified_gmt":"2023-12-08T03:41:24","slug":"copa-by-expormim","status":"publish","type":"product","link":"https:\/\/cernelic.hr\/en\/proizvod\/copa-by-expormim\/","title":{"rendered":"COPA  by Expormim"},"content":{"rendered":"<p>Vanjska fotelja Copa obnavlja dizajn retro 30-ih u suvremenom obliku. Namje\u0161taj koji je vrlo uspje\u0161an zahvaljuju\u0107i svojoj udobnosti, snazi i trajnosti. Fotelja za terasu koja je savr\u0161ena za boravak na otvorenom obzirom na visoku razinu otpornosti na sun\u010devo zra\u010denje zahvaljuju\u0107i UV filterima, koji su odli\u010dna za\u0161tita od sunca.<\/p>\n","protected":false},"excerpt":{"rendered":"<p>Vanjska fotelja Copa obnavlja dizajn retro 30-ih u suvremenom obliku. Namje\u0161taj koji je vrlo uspje\u0161an zahvaljuju\u0107i svojoj udobnosti, snazi i trajnosti. Fotelja za terasu koja je savr\u0161ena za boravak na otvorenom obzirom na visoku razinu otpornosti na sun\u010devo zra\u010denje zahvaljuju\u0107i UV filterima, koji su odli\u010dna za\u0161tita od sunca.<\/p>\n","protected":false},"featured_media":95015,"template":"","meta":{"_acf_changed":false},"product_brand":[],"product_cat":[2501],"product_tag":[],"berocket_brand":[523],"class_list":{"0":"post-94088","1":"product","2":"type-product","3":"status-publish","4":"has-post-thumbnail","6":"product_cat-nekategorizirane","7":"berocket_brand-expormim","9":"first","10":"instock","11":"product-type-grouped"},"acf":[],"_links":{"self":[{"href":"https:\/\/cernelic.hr\/en\/wp-json\/wp\/v2\/product\/94088","targetHints":{"allow":["GET"]}}],"collection":[{"href":"https:\/\/cernelic.hr\/en\/wp-json\/wp\/v2\/product"}],"about":[{"href":"https:\/\/cernelic.hr\/en\/wp-json\/wp\/v2\/types\/product"}],"wp:featuredmedia":[{"embeddable":true,"href":"https:\/\/cernelic.hr\/en\/wp-json\/wp\/v2\/media\/95015"}],"wp:attachment":[{"href":"https:\/\/cernelic.hr\/en\/wp-json\/wp\/v2\/media?parent=94088"}],"wp:term":[{"taxonomy":"product_brand","embeddable":true,"href":"https:\/\/cernelic.hr\/en\/wp-json\/wp\/v2\/product_brand?post=94088"},{"taxonomy":"product_cat","embeddable":true,"href":"https:\/\/cernelic.hr\/en\/wp-json\/wp\/v2\/product_cat?post=94088"},{"taxonomy":"product_tag","embeddable":true,"href":"https:\/\/cernelic.hr\/en\/wp-json\/wp\/v2\/product_tag?post=94088"},{"taxonomy":"berocket_brand","embeddable":true,"href":"https:\/\/cernelic.hr\/en\/wp-json\/wp\/v2\/berocket_brand?post=94088"}],"curies":[{"name":"wp","href":"https:\/\/api.w.org\/{rel}","templated":true}]}}