{"id":94089,"date":"2021-03-22T06:43:34","date_gmt":"2021-03-22T06:43:34","guid":{"rendered":"https:\/\/cernelic.hr\/katalog\/Bez%20kategorije\/coqueta-by-expormim-2\/"},"modified":"2023-12-08T03:41:21","modified_gmt":"2023-12-08T03:41:21","slug":"coqueta-by-expormim","status":"publish","type":"product","link":"https:\/\/cernelic.hr\/en\/proizvod\/coqueta-by-expormim\/","title":{"rendered":"COQUETA  by Expormim"},"content":{"rendered":"<p>Blagovaonske stolice za vanjsku upotrebu s konstrukcijom od oguljenog i obojenog prirodnog ratana promjera 28 mm\/1,1\u201d. Naslon za le\u0111a proizveden od lju\u0161tenog i obojenog prirodnog ratana promjera 10 mm\/0,4\u201d. Zavr\u0161ena premazom u tri koraka (boja, osnovni premaz i zavr\u0161ni premaz), vrlo je otporna na sun\u010devo zra\u010denje zahvaljuju\u0107i UV filterima, koji su odli\u010dna za\u0161tita od sunca. Tapecirano sjedalo od prirodne ili umjetne ko\u017ee, djevi\u010danskih vunenih tkanina, bar\u0161una i polipropilena. Za\u0161titne kapice s umetcima od plasti\u010dnog filca koji se mogu skinuti.<\/p>\n","protected":false},"excerpt":{"rendered":"<p>Blagovaonske stolice za vanjsku upotrebu s konstrukcijom od oguljenog i obojenog prirodnog ratana promjera 28 mm\/1,1\u201d. Naslon za le\u0111a proizveden od lju\u0161tenog i obojenog prirodnog ratana promjera 10 mm\/0,4\u201d. Zavr\u0161ena premazom u tri koraka (boja, osnovni premaz i zavr\u0161ni premaz), vrlo je otporna na sun\u010devo zra\u010denje zahvaljuju\u0107i UV filterima, koji su odli\u010dna za\u0161tita od sunca. [&hellip;]<\/p>\n","protected":false},"featured_media":95014,"template":"","meta":{"_acf_changed":false},"product_brand":[],"product_cat":[2501],"product_tag":[],"berocket_brand":[523],"class_list":{"0":"post-94089","1":"product","2":"type-product","3":"status-publish","4":"has-post-thumbnail","6":"product_cat-nekategorizirane","7":"berocket_brand-expormim","9":"first","10":"instock","11":"product-type-grouped"},"acf":[],"_links":{"self":[{"href":"https:\/\/cernelic.hr\/en\/wp-json\/wp\/v2\/product\/94089","targetHints":{"allow":["GET"]}}],"collection":[{"href":"https:\/\/cernelic.hr\/en\/wp-json\/wp\/v2\/product"}],"about":[{"href":"https:\/\/cernelic.hr\/en\/wp-json\/wp\/v2\/types\/product"}],"wp:featuredmedia":[{"embeddable":true,"href":"https:\/\/cernelic.hr\/en\/wp-json\/wp\/v2\/media\/95014"}],"wp:attachment":[{"href":"https:\/\/cernelic.hr\/en\/wp-json\/wp\/v2\/media?parent=94089"}],"wp:term":[{"taxonomy":"product_brand","embeddable":true,"href":"https:\/\/cernelic.hr\/en\/wp-json\/wp\/v2\/product_brand?post=94089"},{"taxonomy":"product_cat","embeddable":true,"href":"https:\/\/cernelic.hr\/en\/wp-json\/wp\/v2\/product_cat?post=94089"},{"taxonomy":"product_tag","embeddable":true,"href":"https:\/\/cernelic.hr\/en\/wp-json\/wp\/v2\/product_tag?post=94089"},{"taxonomy":"berocket_brand","embeddable":true,"href":"https:\/\/cernelic.hr\/en\/wp-json\/wp\/v2\/berocket_brand?post=94089"}],"curies":[{"name":"wp","href":"https:\/\/api.w.org\/{rel}","templated":true}]}}