{"id":94090,"date":"2021-03-22T06:43:34","date_gmt":"2021-03-22T06:43:34","guid":{"rendered":"https:\/\/cernelic.hr\/katalog\/Bez%20kategorije\/falcata-in-by-expormim-2\/"},"modified":"2023-12-08T03:41:18","modified_gmt":"2023-12-08T03:41:18","slug":"falcata-in-by-expormim","status":"publish","type":"product","link":"https:\/\/cernelic.hr\/en\/proizvod\/falcata-in-by-expormim\/","title":{"rendered":"FALCATA IN  by Expormim"},"content":{"rendered":"<p>Povr\u0161ina Expormim stola od punog drveta europskog hrasta presjeka 22 mm\/0,86\u201d. Konstrukcija izra\u0111ena od aluminijskog profila visoke otpornosti i nogu od brizganog aluminija, obra\u0111ena poliesterskim prahom. Kolekcija je dostupna i u lakiranoj verziji (MDF) i sa \u0161perplo\u010dom od europskog hrasta.<\/p>\n","protected":false},"excerpt":{"rendered":"<p>Povr\u0161ina Expormim stola od punog drveta europskog hrasta presjeka 22 mm\/0,86\u201d. Konstrukcija izra\u0111ena od aluminijskog profila visoke otpornosti i nogu od brizganog aluminija, obra\u0111ena poliesterskim prahom. Kolekcija je dostupna i u lakiranoj verziji (MDF) i sa \u0161perplo\u010dom od europskog hrasta.<\/p>\n","protected":false},"featured_media":95013,"template":"","meta":{"_acf_changed":false},"product_brand":[],"product_cat":[2501],"product_tag":[],"berocket_brand":[523],"class_list":{"0":"post-94090","1":"product","2":"type-product","3":"status-publish","4":"has-post-thumbnail","6":"product_cat-nekategorizirane","7":"berocket_brand-expormim","9":"first","10":"instock","11":"product-type-grouped"},"acf":[],"_links":{"self":[{"href":"https:\/\/cernelic.hr\/en\/wp-json\/wp\/v2\/product\/94090","targetHints":{"allow":["GET"]}}],"collection":[{"href":"https:\/\/cernelic.hr\/en\/wp-json\/wp\/v2\/product"}],"about":[{"href":"https:\/\/cernelic.hr\/en\/wp-json\/wp\/v2\/types\/product"}],"wp:featuredmedia":[{"embeddable":true,"href":"https:\/\/cernelic.hr\/en\/wp-json\/wp\/v2\/media\/95013"}],"wp:attachment":[{"href":"https:\/\/cernelic.hr\/en\/wp-json\/wp\/v2\/media?parent=94090"}],"wp:term":[{"taxonomy":"product_brand","embeddable":true,"href":"https:\/\/cernelic.hr\/en\/wp-json\/wp\/v2\/product_brand?post=94090"},{"taxonomy":"product_cat","embeddable":true,"href":"https:\/\/cernelic.hr\/en\/wp-json\/wp\/v2\/product_cat?post=94090"},{"taxonomy":"product_tag","embeddable":true,"href":"https:\/\/cernelic.hr\/en\/wp-json\/wp\/v2\/product_tag?post=94090"},{"taxonomy":"berocket_brand","embeddable":true,"href":"https:\/\/cernelic.hr\/en\/wp-json\/wp\/v2\/berocket_brand?post=94090"}],"curies":[{"name":"wp","href":"https:\/\/api.w.org\/{rel}","templated":true}]}}