{"id":94091,"date":"2021-03-22T06:43:40","date_gmt":"2021-03-22T06:43:40","guid":{"rendered":"https:\/\/cernelic.hr\/katalog\/Bez%20kategorije\/flamingo-in-by-expormim-2\/"},"modified":"2023-12-08T03:41:15","modified_gmt":"2023-12-08T03:41:15","slug":"flamingo-in-by-expormim","status":"publish","type":"product","link":"https:\/\/cernelic.hr\/en\/proizvod\/flamingo-in-by-expormim\/","title":{"rendered":"FLAMINGO IN  by Expormim"},"content":{"rendered":"<p>Povr\u0161ina stola od punog drveta europskog hrasta presjeka 22 mm\/0,86\u201d \u010desto kori\u0161tena kod opremanja ku\u0107a. Struktura od aluminijske cijevi, obra\u0111ena poliesterskim prahom. Expormim kolekcija dostupna je i u lakiranoj verziji (MDF) i sa \u0161perplo\u010dom od europskog hrasta.<\/p>\n","protected":false},"excerpt":{"rendered":"<p>Povr\u0161ina stola od punog drveta europskog hrasta presjeka 22 mm\/0,86\u201d \u010desto kori\u0161tena kod opremanja ku\u0107a. Struktura od aluminijske cijevi, obra\u0111ena poliesterskim prahom. Expormim kolekcija dostupna je i u lakiranoj verziji (MDF) i sa \u0161perplo\u010dom od europskog hrasta.<\/p>\n","protected":false},"featured_media":95012,"template":"","meta":{"_acf_changed":false},"product_brand":[],"product_cat":[2501],"product_tag":[],"berocket_brand":[523],"class_list":{"0":"post-94091","1":"product","2":"type-product","3":"status-publish","4":"has-post-thumbnail","6":"product_cat-nekategorizirane","7":"berocket_brand-expormim","9":"first","10":"instock","11":"product-type-grouped"},"acf":[],"_links":{"self":[{"href":"https:\/\/cernelic.hr\/en\/wp-json\/wp\/v2\/product\/94091","targetHints":{"allow":["GET"]}}],"collection":[{"href":"https:\/\/cernelic.hr\/en\/wp-json\/wp\/v2\/product"}],"about":[{"href":"https:\/\/cernelic.hr\/en\/wp-json\/wp\/v2\/types\/product"}],"wp:featuredmedia":[{"embeddable":true,"href":"https:\/\/cernelic.hr\/en\/wp-json\/wp\/v2\/media\/95012"}],"wp:attachment":[{"href":"https:\/\/cernelic.hr\/en\/wp-json\/wp\/v2\/media?parent=94091"}],"wp:term":[{"taxonomy":"product_brand","embeddable":true,"href":"https:\/\/cernelic.hr\/en\/wp-json\/wp\/v2\/product_brand?post=94091"},{"taxonomy":"product_cat","embeddable":true,"href":"https:\/\/cernelic.hr\/en\/wp-json\/wp\/v2\/product_cat?post=94091"},{"taxonomy":"product_tag","embeddable":true,"href":"https:\/\/cernelic.hr\/en\/wp-json\/wp\/v2\/product_tag?post=94091"},{"taxonomy":"berocket_brand","embeddable":true,"href":"https:\/\/cernelic.hr\/en\/wp-json\/wp\/v2\/berocket_brand?post=94091"}],"curies":[{"name":"wp","href":"https:\/\/api.w.org\/{rel}","templated":true}]}}