{"id":94092,"date":"2021-03-22T06:43:40","date_gmt":"2021-03-22T06:43:40","guid":{"rendered":"https:\/\/cernelic.hr\/katalog\/Bez%20kategorije\/fontal-by-expormim-2\/"},"modified":"2023-12-08T03:41:12","modified_gmt":"2023-12-08T03:41:12","slug":"fontal-by-expormim","status":"publish","type":"product","link":"https:\/\/cernelic.hr\/en\/proizvod\/fontal-by-expormim\/","title":{"rendered":"FONTAL  by Expormim"},"content":{"rendered":"<p>\u201eFontal Family\u201c \u010dini struktura izra\u0111ena od oguljenog i obojanog prirodnog ratana promjera 32 mm\/1,26\u201d. Zavr\u0161en premazom u tri koraka (boja, osnovni premaz i zavr\u0161ni premaz), vrlo otporan na sun\u010devo zra\u010denje zahvaljuju\u0107i UV filterima, koji su odli\u010dna za\u0161tita od sunca. Sjedalo i naslon izra\u0111eni od oguljenog i zatamnjenog prirodnog ratana promjera 8 mm\/0,3\u201d. Za\u0161titne kapice s umetcima od plasti\u010dnog filca koji se mogu skinuti. Opcionalni jastuk.<br \/>\nU Expormim \u201eFamily\u201c kolekciji nalaze se: blagovaonske stolice i naslonja\u010di te taburei, sve sa ili bez presvlake.<\/p>\n","protected":false},"excerpt":{"rendered":"<p>\u201eFontal Family\u201c \u010dini struktura izra\u0111ena od oguljenog i obojanog prirodnog ratana promjera 32 mm\/1,26\u201d. Zavr\u0161en premazom u tri koraka (boja, osnovni premaz i zavr\u0161ni premaz), vrlo otporan na sun\u010devo zra\u010denje zahvaljuju\u0107i UV filterima, koji su odli\u010dna za\u0161tita od sunca. Sjedalo i naslon izra\u0111eni od oguljenog i zatamnjenog prirodnog ratana promjera 8 mm\/0,3\u201d. Za\u0161titne kapice s [&hellip;]<\/p>\n","protected":false},"featured_media":95011,"template":"","meta":{"_acf_changed":false},"product_brand":[],"product_cat":[2501],"product_tag":[],"berocket_brand":[523],"class_list":{"0":"post-94092","1":"product","2":"type-product","3":"status-publish","4":"has-post-thumbnail","6":"product_cat-nekategorizirane","7":"berocket_brand-expormim","9":"first","10":"instock","11":"product-type-grouped"},"acf":[],"_links":{"self":[{"href":"https:\/\/cernelic.hr\/en\/wp-json\/wp\/v2\/product\/94092","targetHints":{"allow":["GET"]}}],"collection":[{"href":"https:\/\/cernelic.hr\/en\/wp-json\/wp\/v2\/product"}],"about":[{"href":"https:\/\/cernelic.hr\/en\/wp-json\/wp\/v2\/types\/product"}],"wp:featuredmedia":[{"embeddable":true,"href":"https:\/\/cernelic.hr\/en\/wp-json\/wp\/v2\/media\/95011"}],"wp:attachment":[{"href":"https:\/\/cernelic.hr\/en\/wp-json\/wp\/v2\/media?parent=94092"}],"wp:term":[{"taxonomy":"product_brand","embeddable":true,"href":"https:\/\/cernelic.hr\/en\/wp-json\/wp\/v2\/product_brand?post=94092"},{"taxonomy":"product_cat","embeddable":true,"href":"https:\/\/cernelic.hr\/en\/wp-json\/wp\/v2\/product_cat?post=94092"},{"taxonomy":"product_tag","embeddable":true,"href":"https:\/\/cernelic.hr\/en\/wp-json\/wp\/v2\/product_tag?post=94092"},{"taxonomy":"berocket_brand","embeddable":true,"href":"https:\/\/cernelic.hr\/en\/wp-json\/wp\/v2\/berocket_brand?post=94092"}],"curies":[{"name":"wp","href":"https:\/\/api.w.org\/{rel}","templated":true}]}}