{"id":94093,"date":"2021-03-22T06:43:40","date_gmt":"2021-03-22T06:43:40","guid":{"rendered":"https:\/\/cernelic.hr\/katalog\/Bez%20kategorije\/frames-by-expormim-2\/"},"modified":"2023-12-08T03:42:57","modified_gmt":"2023-12-08T03:42:57","slug":"frames-by-expormim","status":"publish","type":"product","link":"https:\/\/cernelic.hr\/en\/proizvod\/frames-by-expormim\/","title":{"rendered":"FRAMES  by Expormim"},"content":{"rendered":"<p>\u201eFrames Family\u201c posjeduje strukturu izra\u0111enu od oguljenog i obojenog prirodnog ratana promjera 32 mm\/1,26\u201d. Opcionalni jastuci s presvlakom dostupni su u: prirodnoj ili umjetnoj ko\u017ei, djevi\u010danskim vunenim tkaninama, bar\u0161unu i polipropilenu. Zavr\u0161ena premazom u tri koraka (boja, osnovni premaz i zavr\u0161ni premaz), vrlo je otporna na sun\u010devo zra\u010denje zahvaljuju\u0107i UV filterima. U Expormim \u201eFamily\u201c nalaze se: trpezarijska stolica i fotelje za terasu, visoki naslonja\u010d, stoli\u0107 za kavu, taburei i pregrade.<\/p>\n","protected":false},"excerpt":{"rendered":"<p>\u201eFrames Family\u201c posjeduje strukturu izra\u0111enu od oguljenog i obojenog prirodnog ratana promjera 32 mm\/1,26\u201d. Opcionalni jastuci s presvlakom dostupni su u: prirodnoj ili umjetnoj ko\u017ei, djevi\u010danskim vunenim tkaninama, bar\u0161unu i polipropilenu. Zavr\u0161ena premazom u tri koraka (boja, osnovni premaz i zavr\u0161ni premaz), vrlo je otporna na sun\u010devo zra\u010denje zahvaljuju\u0107i UV filterima. U Expormim \u201eFamily\u201c nalaze [&hellip;]<\/p>\n","protected":false},"featured_media":102520,"template":"","meta":{"_acf_changed":false},"product_brand":[],"product_cat":[541],"product_tag":[],"berocket_brand":[523],"class_list":{"0":"post-94093","1":"product","2":"type-product","3":"status-publish","4":"has-post-thumbnail","6":"product_cat-uncategorized-hr","7":"berocket_brand-expormim","9":"first","10":"instock","11":"product-type-grouped"},"acf":[],"_links":{"self":[{"href":"https:\/\/cernelic.hr\/en\/wp-json\/wp\/v2\/product\/94093","targetHints":{"allow":["GET"]}}],"collection":[{"href":"https:\/\/cernelic.hr\/en\/wp-json\/wp\/v2\/product"}],"about":[{"href":"https:\/\/cernelic.hr\/en\/wp-json\/wp\/v2\/types\/product"}],"wp:featuredmedia":[{"embeddable":true,"href":"https:\/\/cernelic.hr\/en\/wp-json\/wp\/v2\/media\/102520"}],"wp:attachment":[{"href":"https:\/\/cernelic.hr\/en\/wp-json\/wp\/v2\/media?parent=94093"}],"wp:term":[{"taxonomy":"product_brand","embeddable":true,"href":"https:\/\/cernelic.hr\/en\/wp-json\/wp\/v2\/product_brand?post=94093"},{"taxonomy":"product_cat","embeddable":true,"href":"https:\/\/cernelic.hr\/en\/wp-json\/wp\/v2\/product_cat?post=94093"},{"taxonomy":"product_tag","embeddable":true,"href":"https:\/\/cernelic.hr\/en\/wp-json\/wp\/v2\/product_tag?post=94093"},{"taxonomy":"berocket_brand","embeddable":true,"href":"https:\/\/cernelic.hr\/en\/wp-json\/wp\/v2\/berocket_brand?post=94093"}],"curies":[{"name":"wp","href":"https:\/\/api.w.org\/{rel}","templated":true}]}}