{"id":94094,"date":"2021-03-22T06:43:40","date_gmt":"2021-03-22T06:43:40","guid":{"rendered":"https:\/\/cernelic.hr\/katalog\/Bez%20kategorije\/gata-by-expormim-2\/"},"modified":"2023-12-08T03:41:08","modified_gmt":"2023-12-08T03:41:08","slug":"gata-by-expormim","status":"publish","type":"product","link":"https:\/\/cernelic.hr\/en\/proizvod\/gata-by-expormim\/","title":{"rendered":"GATA  by Expormim"},"content":{"rendered":"<p>Stolica za vanjsku upotrebu nastala je iz temeljite potrage za ravnote\u017eom izme\u0111u razli\u010ditih elemenata, oblika i promjera ratana kako bi se proizvelo udobno i otporno sjedi\u0161te, a ujedno i estetski harmoni\u010dno. Njene linije teku glatko i stvaraju ru\u010dku na vrhu naslona koja olak\u0161ava transport i iznosi na vidjelo jednu od glavnih vrlina : lako\u0107u. Gata stolice tako\u0111er su vrlo otporne na sun\u010devo zra\u010denje zahvaljuju\u0107i UV filterima, koji su odli\u010dna za\u0161tita od sunca.<\/p>\n","protected":false},"excerpt":{"rendered":"<p>Stolica za vanjsku upotrebu nastala je iz temeljite potrage za ravnote\u017eom izme\u0111u razli\u010ditih elemenata, oblika i promjera ratana kako bi se proizvelo udobno i otporno sjedi\u0161te, a ujedno i estetski harmoni\u010dno. Njene linije teku glatko i stvaraju ru\u010dku na vrhu naslona koja olak\u0161ava transport i iznosi na vidjelo jednu od glavnih vrlina : lako\u0107u. Gata [&hellip;]<\/p>\n","protected":false},"featured_media":95009,"template":"","meta":{"_acf_changed":false},"product_brand":[],"product_cat":[2501],"product_tag":[],"berocket_brand":[523],"class_list":{"0":"post-94094","1":"product","2":"type-product","3":"status-publish","4":"has-post-thumbnail","6":"product_cat-nekategorizirane","7":"berocket_brand-expormim","9":"first","10":"instock","11":"product-type-grouped"},"acf":[],"_links":{"self":[{"href":"https:\/\/cernelic.hr\/en\/wp-json\/wp\/v2\/product\/94094","targetHints":{"allow":["GET"]}}],"collection":[{"href":"https:\/\/cernelic.hr\/en\/wp-json\/wp\/v2\/product"}],"about":[{"href":"https:\/\/cernelic.hr\/en\/wp-json\/wp\/v2\/types\/product"}],"wp:featuredmedia":[{"embeddable":true,"href":"https:\/\/cernelic.hr\/en\/wp-json\/wp\/v2\/media\/95009"}],"wp:attachment":[{"href":"https:\/\/cernelic.hr\/en\/wp-json\/wp\/v2\/media?parent=94094"}],"wp:term":[{"taxonomy":"product_brand","embeddable":true,"href":"https:\/\/cernelic.hr\/en\/wp-json\/wp\/v2\/product_brand?post=94094"},{"taxonomy":"product_cat","embeddable":true,"href":"https:\/\/cernelic.hr\/en\/wp-json\/wp\/v2\/product_cat?post=94094"},{"taxonomy":"product_tag","embeddable":true,"href":"https:\/\/cernelic.hr\/en\/wp-json\/wp\/v2\/product_tag?post=94094"},{"taxonomy":"berocket_brand","embeddable":true,"href":"https:\/\/cernelic.hr\/en\/wp-json\/wp\/v2\/berocket_brand?post=94094"}],"curies":[{"name":"wp","href":"https:\/\/api.w.org\/{rel}","templated":true}]}}