{"id":94097,"date":"2021-03-22T06:43:40","date_gmt":"2021-03-22T06:43:40","guid":{"rendered":"https:\/\/cernelic.hr\/katalog\/Bez%20kategorije\/huma-by-expormim-2\/"},"modified":"2023-12-08T03:41:03","modified_gmt":"2023-12-08T03:41:03","slug":"huma-by-expormim","status":"publish","type":"product","link":"https:\/\/cernelic.hr\/en\/proizvod\/huma-by-expormim\/","title":{"rendered":"HUMA  by Expormim"},"content":{"rendered":"<p>U Expormim obitelji \u201eHuma\u201c postoji mnogo osnovnih opcija fotelja, tapeciranih sjedala i tapeciranih sjedala s naslonom. Dostupno je vi\u0161e mogu\u0107nosti presvlaka: prirodna ili umjetna ko\u017ea, djevi\u010danska vunena tkanina, bar\u0161un i polipropilen.<br \/>\nVrlo udobne stolice: udobna obitelj, zapravo!<\/p>\n","protected":false},"excerpt":{"rendered":"<p>U Expormim obitelji \u201eHuma\u201c postoji mnogo osnovnih opcija fotelja, tapeciranih sjedala i tapeciranih sjedala s naslonom. Dostupno je vi\u0161e mogu\u0107nosti presvlaka: prirodna ili umjetna ko\u017ea, djevi\u010danska vunena tkanina, bar\u0161un i polipropilen. Vrlo udobne stolice: udobna obitelj, zapravo!<\/p>\n","protected":false},"featured_media":95007,"template":"","meta":{"_acf_changed":false},"product_brand":[],"product_cat":[2501],"product_tag":[],"berocket_brand":[523],"class_list":{"0":"post-94097","1":"product","2":"type-product","3":"status-publish","4":"has-post-thumbnail","6":"product_cat-nekategorizirane","7":"berocket_brand-expormim","9":"first","10":"instock","11":"product-type-grouped"},"acf":[],"_links":{"self":[{"href":"https:\/\/cernelic.hr\/en\/wp-json\/wp\/v2\/product\/94097","targetHints":{"allow":["GET"]}}],"collection":[{"href":"https:\/\/cernelic.hr\/en\/wp-json\/wp\/v2\/product"}],"about":[{"href":"https:\/\/cernelic.hr\/en\/wp-json\/wp\/v2\/types\/product"}],"wp:featuredmedia":[{"embeddable":true,"href":"https:\/\/cernelic.hr\/en\/wp-json\/wp\/v2\/media\/95007"}],"wp:attachment":[{"href":"https:\/\/cernelic.hr\/en\/wp-json\/wp\/v2\/media?parent=94097"}],"wp:term":[{"taxonomy":"product_brand","embeddable":true,"href":"https:\/\/cernelic.hr\/en\/wp-json\/wp\/v2\/product_brand?post=94097"},{"taxonomy":"product_cat","embeddable":true,"href":"https:\/\/cernelic.hr\/en\/wp-json\/wp\/v2\/product_cat?post=94097"},{"taxonomy":"product_tag","embeddable":true,"href":"https:\/\/cernelic.hr\/en\/wp-json\/wp\/v2\/product_tag?post=94097"},{"taxonomy":"berocket_brand","embeddable":true,"href":"https:\/\/cernelic.hr\/en\/wp-json\/wp\/v2\/berocket_brand?post=94097"}],"curies":[{"name":"wp","href":"https:\/\/api.w.org\/{rel}","templated":true}]}}