{"id":94099,"date":"2021-03-22T06:43:45","date_gmt":"2021-03-22T06:43:45","guid":{"rendered":"https:\/\/cernelic.hr\/katalog\/Bez%20kategorije\/kotai-by-expormim-2\/"},"modified":"2023-12-08T03:40:57","modified_gmt":"2023-12-08T03:40:57","slug":"kotai-by-expormim","status":"publish","type":"product","link":"https:\/\/cernelic.hr\/en\/proizvod\/kotai-by-expormim\/","title":{"rendered":"KOTAI  by Expormim"},"content":{"rendered":"<p>Konstrukcija od punog drvenog profila od europskog hrasta. Povr\u0161ina od punog drveta europskog hrasta presjeka 22 mm\/0,87\u201d. Namje\u0161taj po mjeri dostupan i u furniru europskog hrasta \u010desto kori\u0161ten kod ure\u0111enja stana.<\/p>\n","protected":false},"excerpt":{"rendered":"<p>Konstrukcija od punog drvenog profila od europskog hrasta. Povr\u0161ina od punog drveta europskog hrasta presjeka 22 mm\/0,87\u201d. Namje\u0161taj po mjeri dostupan i u furniru europskog hrasta \u010desto kori\u0161ten kod ure\u0111enja stana.<\/p>\n","protected":false},"featured_media":95005,"template":"","meta":{"_acf_changed":false},"product_brand":[],"product_cat":[2501],"product_tag":[],"berocket_brand":[523],"class_list":{"0":"post-94099","1":"product","2":"type-product","3":"status-publish","4":"has-post-thumbnail","6":"product_cat-nekategorizirane","7":"berocket_brand-expormim","9":"first","10":"instock","11":"product-type-grouped"},"acf":[],"_links":{"self":[{"href":"https:\/\/cernelic.hr\/en\/wp-json\/wp\/v2\/product\/94099","targetHints":{"allow":["GET"]}}],"collection":[{"href":"https:\/\/cernelic.hr\/en\/wp-json\/wp\/v2\/product"}],"about":[{"href":"https:\/\/cernelic.hr\/en\/wp-json\/wp\/v2\/types\/product"}],"wp:featuredmedia":[{"embeddable":true,"href":"https:\/\/cernelic.hr\/en\/wp-json\/wp\/v2\/media\/95005"}],"wp:attachment":[{"href":"https:\/\/cernelic.hr\/en\/wp-json\/wp\/v2\/media?parent=94099"}],"wp:term":[{"taxonomy":"product_brand","embeddable":true,"href":"https:\/\/cernelic.hr\/en\/wp-json\/wp\/v2\/product_brand?post=94099"},{"taxonomy":"product_cat","embeddable":true,"href":"https:\/\/cernelic.hr\/en\/wp-json\/wp\/v2\/product_cat?post=94099"},{"taxonomy":"product_tag","embeddable":true,"href":"https:\/\/cernelic.hr\/en\/wp-json\/wp\/v2\/product_tag?post=94099"},{"taxonomy":"berocket_brand","embeddable":true,"href":"https:\/\/cernelic.hr\/en\/wp-json\/wp\/v2\/berocket_brand?post=94099"}],"curies":[{"name":"wp","href":"https:\/\/api.w.org\/{rel}","templated":true}]}}