{"id":94100,"date":"2021-03-22T06:43:45","date_gmt":"2021-03-22T06:43:45","guid":{"rendered":"https:\/\/cernelic.hr\/katalog\/Bez%20kategorije\/nautica-in-by-expormim-2\/"},"modified":"2023-12-08T11:28:10","modified_gmt":"2023-12-08T11:28:10","slug":"nautica-in-by-expormim","status":"publish","type":"product","link":"https:\/\/cernelic.hr\/en\/proizvod\/nautica-in-by-expormim\/","title":{"rendered":"NAUTICA IN  by Expormim"},"content":{"rendered":"<p>Ljulja\u010dka do\u010darava kontraste prisutne u prirodi kroz nje\u017enu i stalno promjenjivu igru sjena koja podsje\u0107a na odraze svjetlosti na morskim valovima. Sna\u017ena i otporna, iako vizualno lagana, ljulja\u010dka se lako stapa u bilo koje okru\u017eenje, bilo spu\u0161tena s grane stabla kao visiljka ili kroz svoju samonosivu strukturu. Stolica za terasu vrlo je otporna na sun\u010devo zra\u010denje zahvaljuju\u0107i UV filterima, koji su idealna za\u0161tita od sunca.<\/p>\n","protected":false},"excerpt":{"rendered":"<p>Ljulja\u010dka do\u010darava kontraste prisutne u prirodi kroz nje\u017enu i stalno promjenjivu igru sjena koja podsje\u0107a na odraze svjetlosti na morskim valovima. Sna\u017ena i otporna, iako vizualno lagana, ljulja\u010dka se lako stapa u bilo koje okru\u017eenje, bilo spu\u0161tena s grane stabla kao visiljka ili kroz svoju samonosivu strukturu. Stolica za terasu vrlo je otporna na sun\u010devo [&hellip;]<\/p>\n","protected":false},"featured_media":126653,"template":"","meta":{"_acf_changed":false},"product_brand":[],"product_cat":[2501],"product_tag":[],"berocket_brand":[523],"class_list":{"0":"post-94100","1":"product","2":"type-product","3":"status-publish","4":"has-post-thumbnail","6":"product_cat-nekategorizirane","7":"berocket_brand-expormim","9":"first","10":"instock","11":"product-type-grouped"},"acf":[],"_links":{"self":[{"href":"https:\/\/cernelic.hr\/en\/wp-json\/wp\/v2\/product\/94100","targetHints":{"allow":["GET"]}}],"collection":[{"href":"https:\/\/cernelic.hr\/en\/wp-json\/wp\/v2\/product"}],"about":[{"href":"https:\/\/cernelic.hr\/en\/wp-json\/wp\/v2\/types\/product"}],"wp:featuredmedia":[{"embeddable":true,"href":"https:\/\/cernelic.hr\/en\/wp-json\/wp\/v2\/media\/126653"}],"wp:attachment":[{"href":"https:\/\/cernelic.hr\/en\/wp-json\/wp\/v2\/media?parent=94100"}],"wp:term":[{"taxonomy":"product_brand","embeddable":true,"href":"https:\/\/cernelic.hr\/en\/wp-json\/wp\/v2\/product_brand?post=94100"},{"taxonomy":"product_cat","embeddable":true,"href":"https:\/\/cernelic.hr\/en\/wp-json\/wp\/v2\/product_cat?post=94100"},{"taxonomy":"product_tag","embeddable":true,"href":"https:\/\/cernelic.hr\/en\/wp-json\/wp\/v2\/product_tag?post=94100"},{"taxonomy":"berocket_brand","embeddable":true,"href":"https:\/\/cernelic.hr\/en\/wp-json\/wp\/v2\/berocket_brand?post=94100"}],"curies":[{"name":"wp","href":"https:\/\/api.w.org\/{rel}","templated":true}]}}