{"id":94101,"date":"2021-03-22T06:43:49","date_gmt":"2021-03-22T06:43:49","guid":{"rendered":"https:\/\/cernelic.hr\/katalog\/Bez%20kategorije\/radial-by-expormim-2\/"},"modified":"2023-12-08T02:23:55","modified_gmt":"2023-12-08T02:23:55","slug":"radial-by-expormim","status":"publish","type":"product","link":"https:\/\/cernelic.hr\/en\/proizvod\/radial-by-expormim\/","title":{"rendered":"RADIAL  by Expormim"},"content":{"rendered":"<p>Fotelje za terasu s konstrukcijom od oguljenog i bojanog prirodnog ratana zavr\u0161ene su premazom u tri koraka (boja, osnovni premaz i zavr\u0161ni premaz) i vrlo otporne na sun\u010devo zra\u010denje zahvaljuju\u0107i UV filterima, koji su odli\u010dna za\u0161tita od sunca.<\/p>\n","protected":false},"excerpt":{"rendered":"<p>Fotelje za terasu s konstrukcijom od oguljenog i bojanog prirodnog ratana zavr\u0161ene su premazom u tri koraka (boja, osnovni premaz i zavr\u0161ni premaz) i vrlo otporne na sun\u010devo zra\u010denje zahvaljuju\u0107i UV filterima, koji su odli\u010dna za\u0161tita od sunca.<\/p>\n","protected":false},"featured_media":91787,"template":"","meta":{"_acf_changed":false},"product_brand":[],"product_cat":[2501],"product_tag":[],"berocket_brand":[523],"class_list":{"0":"post-94101","1":"product","2":"type-product","3":"status-publish","4":"has-post-thumbnail","6":"product_cat-nekategorizirane","7":"berocket_brand-expormim","9":"first","10":"instock","11":"product-type-grouped"},"acf":[],"_links":{"self":[{"href":"https:\/\/cernelic.hr\/en\/wp-json\/wp\/v2\/product\/94101","targetHints":{"allow":["GET"]}}],"collection":[{"href":"https:\/\/cernelic.hr\/en\/wp-json\/wp\/v2\/product"}],"about":[{"href":"https:\/\/cernelic.hr\/en\/wp-json\/wp\/v2\/types\/product"}],"wp:featuredmedia":[{"embeddable":true,"href":"https:\/\/cernelic.hr\/en\/wp-json\/wp\/v2\/media\/91787"}],"wp:attachment":[{"href":"https:\/\/cernelic.hr\/en\/wp-json\/wp\/v2\/media?parent=94101"}],"wp:term":[{"taxonomy":"product_brand","embeddable":true,"href":"https:\/\/cernelic.hr\/en\/wp-json\/wp\/v2\/product_brand?post=94101"},{"taxonomy":"product_cat","embeddable":true,"href":"https:\/\/cernelic.hr\/en\/wp-json\/wp\/v2\/product_cat?post=94101"},{"taxonomy":"product_tag","embeddable":true,"href":"https:\/\/cernelic.hr\/en\/wp-json\/wp\/v2\/product_tag?post=94101"},{"taxonomy":"berocket_brand","embeddable":true,"href":"https:\/\/cernelic.hr\/en\/wp-json\/wp\/v2\/berocket_brand?post=94101"}],"curies":[{"name":"wp","href":"https:\/\/api.w.org\/{rel}","templated":true}]}}