{"id":94103,"date":"2021-03-22T06:43:49","date_gmt":"2021-03-22T06:43:49","guid":{"rendered":"https:\/\/cernelic.hr\/katalog\/Bez%20kategorije\/slats-by-expormim-2\/"},"modified":"2023-12-08T03:40:50","modified_gmt":"2023-12-08T03:40:50","slug":"slats-by-expormim","status":"publish","type":"product","link":"https:\/\/cernelic.hr\/en\/proizvod\/slats-by-expormim\/","title":{"rendered":"SLATS  by Expormim"},"content":{"rendered":"<p>Stol od punog drveta europskog hrasta posjeduje lakirane aluminijske noge dok mu je okvir od lakiranog \u010delika. Kolekcija je dostupna u lakiranoj verziji (MDF) te u furniru europskog hrasta te je \u010dest izbor prilikom ure\u0111enja ku\u0107e ili stana.<\/p>\n","protected":false},"excerpt":{"rendered":"<p>Stol od punog drveta europskog hrasta posjeduje lakirane aluminijske noge dok mu je okvir od lakiranog \u010delika. Kolekcija je dostupna u lakiranoj verziji (MDF) te u furniru europskog hrasta te je \u010dest izbor prilikom ure\u0111enja ku\u0107e ili stana.<\/p>\n","protected":false},"featured_media":95002,"template":"","meta":{"_acf_changed":false},"product_brand":[],"product_cat":[2501],"product_tag":[],"berocket_brand":[523],"class_list":{"0":"post-94103","1":"product","2":"type-product","3":"status-publish","4":"has-post-thumbnail","6":"product_cat-nekategorizirane","7":"berocket_brand-expormim","9":"first","10":"instock","11":"product-type-grouped"},"acf":[],"_links":{"self":[{"href":"https:\/\/cernelic.hr\/en\/wp-json\/wp\/v2\/product\/94103","targetHints":{"allow":["GET"]}}],"collection":[{"href":"https:\/\/cernelic.hr\/en\/wp-json\/wp\/v2\/product"}],"about":[{"href":"https:\/\/cernelic.hr\/en\/wp-json\/wp\/v2\/types\/product"}],"wp:featuredmedia":[{"embeddable":true,"href":"https:\/\/cernelic.hr\/en\/wp-json\/wp\/v2\/media\/95002"}],"wp:attachment":[{"href":"https:\/\/cernelic.hr\/en\/wp-json\/wp\/v2\/media?parent=94103"}],"wp:term":[{"taxonomy":"product_brand","embeddable":true,"href":"https:\/\/cernelic.hr\/en\/wp-json\/wp\/v2\/product_brand?post=94103"},{"taxonomy":"product_cat","embeddable":true,"href":"https:\/\/cernelic.hr\/en\/wp-json\/wp\/v2\/product_cat?post=94103"},{"taxonomy":"product_tag","embeddable":true,"href":"https:\/\/cernelic.hr\/en\/wp-json\/wp\/v2\/product_tag?post=94103"},{"taxonomy":"berocket_brand","embeddable":true,"href":"https:\/\/cernelic.hr\/en\/wp-json\/wp\/v2\/berocket_brand?post=94103"}],"curies":[{"name":"wp","href":"https:\/\/api.w.org\/{rel}","templated":true}]}}