{"id":94106,"date":"2021-03-22T06:43:54","date_gmt":"2021-03-22T06:43:54","guid":{"rendered":"https:\/\/cernelic.hr\/katalog\/Bez%20kategorije\/traditional-by-expormim-2\/"},"modified":"2023-12-08T03:40:45","modified_gmt":"2023-12-08T03:40:45","slug":"traditional-by-expormim","status":"publish","type":"product","link":"https:\/\/cernelic.hr\/en\/proizvod\/traditional-by-expormim\/","title":{"rendered":"TRADITIONAL  by Expormim"},"content":{"rendered":"<p>Struktura od punog drvenog profila od europskog hrasta. Mogu\u0107nost prilago\u0111avanja gornjeg dijela kori\u0161tenjem tri razli\u010dite vrste Kerlite\u00ae porculanske zavr\u0161ne obrade. Polivalentni stolovi, jer imaju toliko razli\u010ditih mogu\u0107ih primjena: za opremanje ureda, opremanje restorana, kao blagovaonski stolovi i sl.<\/p>\n","protected":false},"excerpt":{"rendered":"<p>Struktura od punog drvenog profila od europskog hrasta. Mogu\u0107nost prilago\u0111avanja gornjeg dijela kori\u0161tenjem tri razli\u010dite vrste Kerlite\u00ae porculanske zavr\u0161ne obrade. Polivalentni stolovi, jer imaju toliko razli\u010ditih mogu\u0107ih primjena: za opremanje ureda, opremanje restorana, kao blagovaonski stolovi i sl.<\/p>\n","protected":false},"featured_media":95000,"template":"","meta":{"_acf_changed":false},"product_brand":[],"product_cat":[2501],"product_tag":[],"berocket_brand":[523],"class_list":{"0":"post-94106","1":"product","2":"type-product","3":"status-publish","4":"has-post-thumbnail","6":"product_cat-nekategorizirane","7":"berocket_brand-expormim","9":"first","10":"instock","11":"product-type-grouped"},"acf":[],"_links":{"self":[{"href":"https:\/\/cernelic.hr\/en\/wp-json\/wp\/v2\/product\/94106","targetHints":{"allow":["GET"]}}],"collection":[{"href":"https:\/\/cernelic.hr\/en\/wp-json\/wp\/v2\/product"}],"about":[{"href":"https:\/\/cernelic.hr\/en\/wp-json\/wp\/v2\/types\/product"}],"wp:featuredmedia":[{"embeddable":true,"href":"https:\/\/cernelic.hr\/en\/wp-json\/wp\/v2\/media\/95000"}],"wp:attachment":[{"href":"https:\/\/cernelic.hr\/en\/wp-json\/wp\/v2\/media?parent=94106"}],"wp:term":[{"taxonomy":"product_brand","embeddable":true,"href":"https:\/\/cernelic.hr\/en\/wp-json\/wp\/v2\/product_brand?post=94106"},{"taxonomy":"product_cat","embeddable":true,"href":"https:\/\/cernelic.hr\/en\/wp-json\/wp\/v2\/product_cat?post=94106"},{"taxonomy":"product_tag","embeddable":true,"href":"https:\/\/cernelic.hr\/en\/wp-json\/wp\/v2\/product_tag?post=94106"},{"taxonomy":"berocket_brand","embeddable":true,"href":"https:\/\/cernelic.hr\/en\/wp-json\/wp\/v2\/berocket_brand?post=94106"}],"curies":[{"name":"wp","href":"https:\/\/api.w.org\/{rel}","templated":true}]}}