{"id":94108,"date":"2021-03-22T06:43:54","date_gmt":"2021-03-22T06:43:54","guid":{"rendered":"https:\/\/cernelic.hr\/katalog\/Bez%20kategorije\/trio-by-expormim-2\/"},"modified":"2023-12-08T03:40:39","modified_gmt":"2023-12-08T03:40:39","slug":"trio-by-expormim","status":"publish","type":"product","link":"https:\/\/cernelic.hr\/en\/proizvod\/trio-by-expormim\/","title":{"rendered":"TRIO  by Expormim"},"content":{"rendered":"<p>Stolna plo\u010da od punog drveta od europskog hrasta presjeka 42 mm\/1,65\u201d. Noge od punog drvenog profila od europskog hrasta. Kolekcija je dostupna i u lakiranoj verziji (MDF) te u furniru europskog hrasta. Nisko sjedenje u dru\u0161tvu simpati\u010dnog malog pomaga\u010da.<\/p>\n","protected":false},"excerpt":{"rendered":"<p>Stolna plo\u010da od punog drveta od europskog hrasta presjeka 42 mm\/1,65\u201d. Noge od punog drvenog profila od europskog hrasta. Kolekcija je dostupna i u lakiranoj verziji (MDF) te u furniru europskog hrasta. Nisko sjedenje u dru\u0161tvu simpati\u010dnog malog pomaga\u010da.<\/p>\n","protected":false},"featured_media":94998,"template":"","meta":{"_acf_changed":false},"product_brand":[],"product_cat":[2501],"product_tag":[],"berocket_brand":[523],"class_list":{"0":"post-94108","1":"product","2":"type-product","3":"status-publish","4":"has-post-thumbnail","6":"product_cat-nekategorizirane","7":"berocket_brand-expormim","9":"first","10":"instock","11":"product-type-grouped"},"acf":[],"_links":{"self":[{"href":"https:\/\/cernelic.hr\/en\/wp-json\/wp\/v2\/product\/94108","targetHints":{"allow":["GET"]}}],"collection":[{"href":"https:\/\/cernelic.hr\/en\/wp-json\/wp\/v2\/product"}],"about":[{"href":"https:\/\/cernelic.hr\/en\/wp-json\/wp\/v2\/types\/product"}],"wp:featuredmedia":[{"embeddable":true,"href":"https:\/\/cernelic.hr\/en\/wp-json\/wp\/v2\/media\/94998"}],"wp:attachment":[{"href":"https:\/\/cernelic.hr\/en\/wp-json\/wp\/v2\/media?parent=94108"}],"wp:term":[{"taxonomy":"product_brand","embeddable":true,"href":"https:\/\/cernelic.hr\/en\/wp-json\/wp\/v2\/product_brand?post=94108"},{"taxonomy":"product_cat","embeddable":true,"href":"https:\/\/cernelic.hr\/en\/wp-json\/wp\/v2\/product_cat?post=94108"},{"taxonomy":"product_tag","embeddable":true,"href":"https:\/\/cernelic.hr\/en\/wp-json\/wp\/v2\/product_tag?post=94108"},{"taxonomy":"berocket_brand","embeddable":true,"href":"https:\/\/cernelic.hr\/en\/wp-json\/wp\/v2\/berocket_brand?post=94108"}],"curies":[{"name":"wp","href":"https:\/\/api.w.org\/{rel}","templated":true}]}}