{"id":94109,"date":"2021-03-22T06:43:54","date_gmt":"2021-03-22T06:43:54","guid":{"rendered":"https:\/\/cernelic.hr\/katalog\/Bez%20kategorije\/tryp-by-expormim-2\/"},"modified":"2023-12-08T03:40:36","modified_gmt":"2023-12-08T03:40:36","slug":"tryp-by-expormim","status":"publish","type":"product","link":"https:\/\/cernelic.hr\/en\/proizvod\/tryp-by-expormim\/","title":{"rendered":"TRYP  by Expormim"},"content":{"rendered":"<p>Konstrukcija od lakirane \u010deli\u010dne plo\u010de s presjekom 4 mm\/0,16\u201d. Mali stoli\u0107 idealan za sjedalice i nisko sjedenje ako volite osebujan dizajn interijera.<\/p>\n","protected":false},"excerpt":{"rendered":"<p>Konstrukcija od lakirane \u010deli\u010dne plo\u010de s presjekom 4 mm\/0,16\u201d. Mali stoli\u0107 idealan za sjedalice i nisko sjedenje ako volite osebujan dizajn interijera.<\/p>\n","protected":false},"featured_media":94997,"template":"","meta":{"_acf_changed":false},"product_brand":[],"product_cat":[2501],"product_tag":[],"berocket_brand":[523],"class_list":{"0":"post-94109","1":"product","2":"type-product","3":"status-publish","4":"has-post-thumbnail","6":"product_cat-nekategorizirane","7":"berocket_brand-expormim","9":"first","10":"instock","11":"product-type-grouped"},"acf":[],"_links":{"self":[{"href":"https:\/\/cernelic.hr\/en\/wp-json\/wp\/v2\/product\/94109","targetHints":{"allow":["GET"]}}],"collection":[{"href":"https:\/\/cernelic.hr\/en\/wp-json\/wp\/v2\/product"}],"about":[{"href":"https:\/\/cernelic.hr\/en\/wp-json\/wp\/v2\/types\/product"}],"wp:featuredmedia":[{"embeddable":true,"href":"https:\/\/cernelic.hr\/en\/wp-json\/wp\/v2\/media\/94997"}],"wp:attachment":[{"href":"https:\/\/cernelic.hr\/en\/wp-json\/wp\/v2\/media?parent=94109"}],"wp:term":[{"taxonomy":"product_brand","embeddable":true,"href":"https:\/\/cernelic.hr\/en\/wp-json\/wp\/v2\/product_brand?post=94109"},{"taxonomy":"product_cat","embeddable":true,"href":"https:\/\/cernelic.hr\/en\/wp-json\/wp\/v2\/product_cat?post=94109"},{"taxonomy":"product_tag","embeddable":true,"href":"https:\/\/cernelic.hr\/en\/wp-json\/wp\/v2\/product_tag?post=94109"},{"taxonomy":"berocket_brand","embeddable":true,"href":"https:\/\/cernelic.hr\/en\/wp-json\/wp\/v2\/berocket_brand?post=94109"}],"curies":[{"name":"wp","href":"https:\/\/api.w.org\/{rel}","templated":true}]}}