{"id":94110,"date":"2021-03-22T06:44:34","date_gmt":"2021-03-22T06:44:34","guid":{"rendered":"https:\/\/cernelic.hr\/katalog\/Bez%20kategorije\/logon-by-wilkhahn-3\/"},"modified":"2023-12-08T02:36:03","modified_gmt":"2023-12-08T02:36:03","slug":"logon-by-wilkhahn","status":"publish","type":"product","link":"https:\/\/cernelic.hr\/en\/proizvod\/logon-by-wilkhahn\/","title":{"rendered":"LOGON  by Wilkhahn"},"content":{"rendered":"<p>Geometrija estetike: \u201eLogon\u201c sistemi stolova u tri razli\u010dite \u0161irine mogu biti spajani kako bi stvorili neograni\u010dene stolne konfiguracije koriste\u0107i posredne i kutne elemente. To zna\u010di da granice svestranih konfiguracija gotovo ne postoje. Ovaj sistem lako stvara konfiguracije u obliku potkove, otvorene ili zatvorene, ovisno \u017eelite li odr\u017eati timske sastanke, seminare ili konferencije za novinare. Tako\u0111er nudi i mnogo prostora za noge: stupovi konstrukcije nogu stola postavljeni su dalje od rubova i kad su spojeni, potrebna je samo jedna noga stola. Kao pojedina\u010dni uredski stol, \u201eLogon\u201c je dostupan i s kota\u010di\u0107ima. Na ovaj, ili onaj na\u010din: elegantan, filigran stol s karakteristi\u010dnim postoljem u obliku slova T i jedinstvenog rubnog profila opti\u010dki je naglasak svake sobe.<\/p>\n","protected":false},"excerpt":{"rendered":"<p>Geometrija estetike: \u201eLogon\u201c sistemi stolova u tri razli\u010dite \u0161irine mogu biti spajani kako bi stvorili neograni\u010dene stolne konfiguracije koriste\u0107i posredne i kutne elemente. To zna\u010di da granice svestranih konfiguracija gotovo ne postoje. Ovaj sistem lako stvara konfiguracije u obliku potkove, otvorene ili zatvorene, ovisno \u017eelite li odr\u017eati timske sastanke, seminare ili konferencije za novinare. Tako\u0111er [&hellip;]<\/p>\n","protected":false},"featured_media":92122,"template":"","meta":{"_acf_changed":false},"product_brand":[],"product_cat":[541],"product_tag":[],"berocket_brand":[532],"class_list":{"0":"post-94110","1":"product","2":"type-product","3":"status-publish","4":"has-post-thumbnail","6":"product_cat-uncategorized-hr","7":"berocket_brand-wilkhahn","9":"first","10":"instock","11":"product-type-grouped"},"acf":[],"_links":{"self":[{"href":"https:\/\/cernelic.hr\/en\/wp-json\/wp\/v2\/product\/94110","targetHints":{"allow":["GET"]}}],"collection":[{"href":"https:\/\/cernelic.hr\/en\/wp-json\/wp\/v2\/product"}],"about":[{"href":"https:\/\/cernelic.hr\/en\/wp-json\/wp\/v2\/types\/product"}],"wp:featuredmedia":[{"embeddable":true,"href":"https:\/\/cernelic.hr\/en\/wp-json\/wp\/v2\/media\/92122"}],"wp:attachment":[{"href":"https:\/\/cernelic.hr\/en\/wp-json\/wp\/v2\/media?parent=94110"}],"wp:term":[{"taxonomy":"product_brand","embeddable":true,"href":"https:\/\/cernelic.hr\/en\/wp-json\/wp\/v2\/product_brand?post=94110"},{"taxonomy":"product_cat","embeddable":true,"href":"https:\/\/cernelic.hr\/en\/wp-json\/wp\/v2\/product_cat?post=94110"},{"taxonomy":"product_tag","embeddable":true,"href":"https:\/\/cernelic.hr\/en\/wp-json\/wp\/v2\/product_tag?post=94110"},{"taxonomy":"berocket_brand","embeddable":true,"href":"https:\/\/cernelic.hr\/en\/wp-json\/wp\/v2\/berocket_brand?post=94110"}],"curies":[{"name":"wp","href":"https:\/\/api.w.org\/{rel}","templated":true}]}}