{"id":94111,"date":"2021-03-22T06:44:34","date_gmt":"2021-03-22T06:44:34","guid":{"rendered":"https:\/\/cernelic.hr\/katalog\/Bez%20kategorije\/max-light-by-wilkhahn-3\/"},"modified":"2023-12-08T03:40:20","modified_gmt":"2023-12-08T03:40:20","slug":"max-light-by-wilkhahn","status":"publish","type":"product","link":"https:\/\/cernelic.hr\/en\/proizvod\/max-light-by-wilkhahn\/","title":{"rendered":"MAX LIGHT  by Wilkhahn"},"content":{"rendered":"<p>Sklopivi stolni sustavi iznimno su fleksibilan na\u010din ure\u0111enja prostora s vi\u0161e funkcija. Zahtjevi rukovanja i skladi\u0161tenja, raznolikost asortimana i kvaliteta njegovog dizajna utje\u010du na tro\u0161kove upravljanja postrojenjem s jedne strane i na uva\u017eavanje korisnika s druge strane. Ovdje \u201emAx\u201c privla\u010dnim izgledom i sofisticiranom gra\u0111om postavlja novi standard. Vrhunski dizajnirani sklopivi stolovi mogu biti u potpunosti pomaknuti, trebaju samo jednu ruku da ih namjesti, samostabiliziraju\u0107i su i dolaze s integriranim opcijama povezivanja. Materijal i izrada stylish no\u017enih sekcija u obliku slova T osiguravaju \u010dvrsto\u0107u i izdr\u017eljivost. Razli\u010dite veli\u010dine nogu stola omogu\u0107uju mnogo razli\u010ditih veli\u010dina i dubina stola za razne vrste uporabe \u2013 od stolova postavljenih u ra\u0161trkane grupe do ravnih linija stolova i sustava konferencijskih stolova, zatvorenih ili otvorenih u sredi\u0161tu. A \u201emAx light 465\u201c asortiman sa svojim \u010dvrstim, ali laganim stolnim povr\u0161inama idealan je za prostore gdje se namje\u0161taj \u010desto pomi\u010de ili premje\u0161ta. Bilo da su u pitanju sobe za sastanke, svestrani konferencijski i seminarski centri, projektni prostori i prostori za zajedni\u010dki rad, co-working prostori ili razne restoranske zone i kafi\u0107i \u2013 \u201emAx\u201c \u0107e se uvijek savr\u0161eno uklopiti.<\/p>\n","protected":false},"excerpt":{"rendered":"<p>Sklopivi stolni sustavi iznimno su fleksibilan na\u010din ure\u0111enja prostora s vi\u0161e funkcija. Zahtjevi rukovanja i skladi\u0161tenja, raznolikost asortimana i kvaliteta njegovog dizajna utje\u010du na tro\u0161kove upravljanja postrojenjem s jedne strane i na uva\u017eavanje korisnika s druge strane. Ovdje \u201emAx\u201c privla\u010dnim izgledom i sofisticiranom gra\u0111om postavlja novi standard. Vrhunski dizajnirani sklopivi stolovi mogu biti u potpunosti [&hellip;]<\/p>\n","protected":false},"featured_media":94996,"template":"","meta":{"_acf_changed":false},"product_brand":[],"product_cat":[541],"product_tag":[],"berocket_brand":[532],"class_list":{"0":"post-94111","1":"product","2":"type-product","3":"status-publish","4":"has-post-thumbnail","6":"product_cat-uncategorized-hr","7":"berocket_brand-wilkhahn","9":"first","10":"instock","11":"product-type-grouped"},"acf":[],"_links":{"self":[{"href":"https:\/\/cernelic.hr\/en\/wp-json\/wp\/v2\/product\/94111","targetHints":{"allow":["GET"]}}],"collection":[{"href":"https:\/\/cernelic.hr\/en\/wp-json\/wp\/v2\/product"}],"about":[{"href":"https:\/\/cernelic.hr\/en\/wp-json\/wp\/v2\/types\/product"}],"wp:featuredmedia":[{"embeddable":true,"href":"https:\/\/cernelic.hr\/en\/wp-json\/wp\/v2\/media\/94996"}],"wp:attachment":[{"href":"https:\/\/cernelic.hr\/en\/wp-json\/wp\/v2\/media?parent=94111"}],"wp:term":[{"taxonomy":"product_brand","embeddable":true,"href":"https:\/\/cernelic.hr\/en\/wp-json\/wp\/v2\/product_brand?post=94111"},{"taxonomy":"product_cat","embeddable":true,"href":"https:\/\/cernelic.hr\/en\/wp-json\/wp\/v2\/product_cat?post=94111"},{"taxonomy":"product_tag","embeddable":true,"href":"https:\/\/cernelic.hr\/en\/wp-json\/wp\/v2\/product_tag?post=94111"},{"taxonomy":"berocket_brand","embeddable":true,"href":"https:\/\/cernelic.hr\/en\/wp-json\/wp\/v2\/berocket_brand?post=94111"}],"curies":[{"name":"wp","href":"https:\/\/api.w.org\/{rel}","templated":true}]}}