{"id":94113,"date":"2021-03-22T06:44:38","date_gmt":"2021-03-22T06:44:38","guid":{"rendered":"https:\/\/cernelic.hr\/katalog\/Bez%20kategorije\/palette-by-wilkhahn-3\/"},"modified":"2023-12-08T03:40:14","modified_gmt":"2023-12-08T03:40:14","slug":"palette-by-wilkhahn","status":"publish","type":"product","link":"https:\/\/cernelic.hr\/en\/proizvod\/palette-by-wilkhahn\/","title":{"rendered":"PALETTE  by Wilkhahn"},"content":{"rendered":"<p>\u010cvrst. Suptilan. Genijalno svestran.<br \/>\nIzra\u0111en da traje: stolna povr\u0161ina od \u010distog drva, postavljena na \u010detiri noge u ravnini s rubom stola. Za razliku od svakog drugog asortimana stolova, \u201ePalette\u201c je suvremeni, ali i arhetipski stol.  Po pitanju funkcije i estetske privla\u010dnosti, crni vrhovi nogu i dno uistinu su savr\u0161eni. Ali \u201ePalette\u201c mo\u017ee i vi\u0161e: u samo jednom jednostavnom koraku mogu\u0107e je ukloniti noge i pomaknute radi uklapanja drugog stola. Kao rezultat, mo\u017eete stvarati, pro\u0161irivati ili dijeliti stolove kako bi odgovarali na\u010dinu na koji \u017eelite koristiti sobu, ovisno o procedurama ili konfiguracijama \u2013 od stola za jednu osobu ili dvije, do konferencijskog postava. \u010cvrste povr\u0161ine ne zahtijevaju nikakve donje okvire. Ovo stvara vi\u0161e prostora za noge, i omogu\u0107ava slaganje stolova koji se trenutno ne koriste, koje \u0161tedi prostor (kao palete!). Uz to, osim masovno proizvedenih stolnih povr\u0161ina, inteligentni dizajn omogu\u0107ava prilago\u0111ene stolove \u2013 uklju\u010duju\u0107i integraciju vrhunske multimedijske opreme. <\/p>\n","protected":false},"excerpt":{"rendered":"<p>\u010cvrst. Suptilan. Genijalno svestran. Izra\u0111en da traje: stolna povr\u0161ina od \u010distog drva, postavljena na \u010detiri noge u ravnini s rubom stola. Za razliku od svakog drugog asortimana stolova, \u201ePalette\u201c je suvremeni, ali i arhetipski stol. Po pitanju funkcije i estetske privla\u010dnosti, crni vrhovi nogu i dno uistinu su savr\u0161eni. Ali \u201ePalette\u201c mo\u017ee i vi\u0161e: u [&hellip;]<\/p>\n","protected":false},"featured_media":94994,"template":"","meta":{"_acf_changed":false},"product_brand":[],"product_cat":[541],"product_tag":[],"berocket_brand":[532],"class_list":{"0":"post-94113","1":"product","2":"type-product","3":"status-publish","4":"has-post-thumbnail","6":"product_cat-uncategorized-hr","7":"berocket_brand-wilkhahn","9":"first","10":"instock","11":"product-type-grouped"},"acf":[],"_links":{"self":[{"href":"https:\/\/cernelic.hr\/en\/wp-json\/wp\/v2\/product\/94113","targetHints":{"allow":["GET"]}}],"collection":[{"href":"https:\/\/cernelic.hr\/en\/wp-json\/wp\/v2\/product"}],"about":[{"href":"https:\/\/cernelic.hr\/en\/wp-json\/wp\/v2\/types\/product"}],"wp:featuredmedia":[{"embeddable":true,"href":"https:\/\/cernelic.hr\/en\/wp-json\/wp\/v2\/media\/94994"}],"wp:attachment":[{"href":"https:\/\/cernelic.hr\/en\/wp-json\/wp\/v2\/media?parent=94113"}],"wp:term":[{"taxonomy":"product_brand","embeddable":true,"href":"https:\/\/cernelic.hr\/en\/wp-json\/wp\/v2\/product_brand?post=94113"},{"taxonomy":"product_cat","embeddable":true,"href":"https:\/\/cernelic.hr\/en\/wp-json\/wp\/v2\/product_cat?post=94113"},{"taxonomy":"product_tag","embeddable":true,"href":"https:\/\/cernelic.hr\/en\/wp-json\/wp\/v2\/product_tag?post=94113"},{"taxonomy":"berocket_brand","embeddable":true,"href":"https:\/\/cernelic.hr\/en\/wp-json\/wp\/v2\/berocket_brand?post=94113"}],"curies":[{"name":"wp","href":"https:\/\/api.w.org\/{rel}","templated":true}]}}